{"id":1044,"date":"2017-12-13T16:13:24","date_gmt":"2017-12-13T15:13:24","guid":{"rendered":"http:\/\/www.railexpertconsult.com\/?page_id=1044"},"modified":"2025-09-24T08:59:29","modified_gmt":"2025-09-24T08:59:29","slug":"jobs","status":"publish","type":"page","link":"https:\/\/railexpertconsult.com\/?page_id=1044","title":{"rendered":"Offene Stellen"},"content":{"rendered":"<h1><strong>Aktuelle Stellenangebote<br \/><\/strong><\/h1>\n<p>Tauche mit uns ein in das spannende Berufsfeld des Eisenbahn- und Verkehrswesens. <strong><span style=\"color: #c00000;\">RAIL<\/span> <em>Expert Consult<\/em><\/strong>\u00a0bietet abwechslungsreiche T\u00e4tigkeitsbereiche in einem internationalen und zukunftstr\u00e4chtigen Arbeitsumfeld. Wir suchen vielf\u00e4ltige Talente und F\u00e4higkeiten, um unser diverses Team zu verst\u00e4rken. Ob versierter Experte oder Quereinsteiger: Bewirb dich um einen Job in unserem Unternehmen und entdecke neue M\u00f6glichkeiten im Eisenbahnsektor!<\/p>\n<p><strong>Werde auch du Teil des <span style=\"color: #c00000;\">RAIL<\/span> Expert Consult Teams!<\/strong><\/p>\n<p>Aktuell suchen wir Mitarbeiterinnen und Mitarbeiter in folgenden Bereichen:<\/p>\n<p>\u00a0<\/p>\n\n\n<div class=\"wp-block-columns is-layout-flex wp-container-core-columns-is-layout-9d6595d7 wp-block-columns-is-layout-flex\">\n<div class=\"wp-block-column is-layout-flow wp-block-column-is-layout-flow\">\n<div class=\"wp-block-columns is-layout-flex wp-container-core-columns-is-layout-9d6595d7 wp-block-columns-is-layout-flex\">\n<div class=\"wp-block-column is-layout-flow wp-block-column-is-layout-flow\">\n<p><strong>Projektmanagement<\/strong><\/p>\n<ul>\n<li><a href=\"https:\/\/railexpertconsult.com\/wp-content\/uploads\/2023\/05\/REC22556_Stellenanzeige_Projektleiter_V4.0.0.pdf\">Projektleiter<\/a><\/li>\n<li><a href=\"https:\/\/railexpertconsult.com\/wp-content\/uploads\/2023\/05\/REC22546_Stellenanzeige_Technischer-Projektleiter_V4.0.0.pdf\" target=\"_blank\" rel=\"noopener\">Technischer Projektleiter<\/a><\/li>\n<li><a href=\"https:\/\/railexpertconsult.com\/wp-content\/uploads\/2023\/05\/REC22545_Stellenanzeige_Senior-Technischer-Projektleiter_V4.0.0.pdf\">Senior Technischer Projektleiter<\/a><\/li>\n<li><a href=\"https:\/\/railexpertconsult.com\/wp-content\/uploads\/2023\/07\/REC23379_Stellenanzeige_Projekt-Support_V1.0.0.pdf\">Projekt-Support<\/a><\/li>\n<\/ul>\n<p><strong>Leit- und Sicherungstechnik<\/strong><strong> \/ System Design<\/strong><\/p>\n<ul>\n<li><a href=\"https:\/\/railexpertconsult.com\/wp-content\/uploads\/2023\/05\/REC20888_Stellenanzeige-Jungtechniker-LST-CCS_V8.0.0.pdf\">Junior Signaltechniker<\/a><\/li>\n<li><a href=\"https:\/\/railexpertconsult.com\/wp-content\/uploads\/2023\/05\/REC21733_Stellenanzeige-Senior-Signaltechniker-LST-CCS_V6.0.0.pdf\">Senior Signaltechniker<\/a><\/li>\n<li><a href=\"https:\/\/railexpertconsult.com\/wp-content\/uploads\/2023\/05\/REC22262_Stellenanzeige_System-Engineer_V6.0.0.pdf\">System Engineer<\/a><\/li>\n<li><a href=\"https:\/\/railexpertconsult.com\/wp-content\/uploads\/2023\/05\/REC22175_Stellenanzeige_Senior-System-Engineer_V6.0.0.pdf\">Senior System Engineer<\/a><\/li>\n<li><a href=\"http:\/\/railexpertconsult.com\/wp-content\/uploads\/2024\/06\/REC24152_Stellenanzeige_Vermessungstechniker_V1.0.0.pdf\" target=\"_blank\" rel=\"noopener\">Vermessungstechniker<\/a><\/li>\n<\/ul>\n<p><strong>Rolling Stock<\/strong><\/p>\n<ul>\n<li><a href=\"https:\/\/railexpertconsult.com\/wp-content\/uploads\/2023\/05\/REC20291_Rolling-Stock-Engineer_V6.0.0.pdf\">Rolling Stock Engineer<\/a><\/li>\n<li><a href=\"https:\/\/railexpertconsult.com\/wp-content\/uploads\/2023\/05\/REC22547_Senior-Rolling-Stock-Engineer_V4.0.0.pdf\">Senior Rolling Stock Engineer<\/a><\/li>\n<\/ul>\n<p><strong>RAMSS \/ Begutachtungen<\/strong><\/p>\n<ul>\n<li><a href=\"https:\/\/railexpertconsult.com\/wp-content\/uploads\/2023\/05\/REC22261_Stellenanzeige_RAMSS-Engineer_V6.0.0.pdf\">RAMSS Engineer<\/a><\/li>\n<li><a href=\"https:\/\/railexpertconsult.com\/wp-content\/uploads\/2023\/05\/REC22174_Stellenanzeige_Senior-RAMSS-Engineer_V6.0.0.pdf\">Senior RAMSS Engineer<\/a><\/li>\n<li><a href=\"https:\/\/railexpertconsult.com\/wp-content\/uploads\/2023\/05\/REC22551_Stellenanzeige_Gutachter-Bahnwesen_V4.0.0.pdf\">Gutachter Bahnwesen<\/a><\/li>\n<\/ul>\n\n\n\n<p><strong>Sales \/ QM<\/strong><\/p>\n\n\n\n<ul class=\"wp-block-list\">\n<li><a href=\"http:\/\/railexpertconsult.com\/wp-content\/uploads\/2025\/09\/REC20290_Stellenanzeige_Quality-Manager_V5.0.0.pdf\">Quality Manager<\/a><\/li>\n\n\n\n<li><a href=\"https:\/\/railexpertconsult.com\/wp-content\/uploads\/2025\/01\/REC20292_Stellenanzeige_Sales-Business-Development-Manager_V9.0.0.pdf\" data-type=\"attachment\" data-id=\"1932\">Sales &amp; Business Development Manager<\/a><\/li>\n<\/ul>\n\n\n\n<p><strong>Technisches Zeichnen<\/strong><\/p>\n\n\n\n<ul class=\"wp-block-list\">\n<li><a href=\"https:\/\/railexpertconsult.com\/wp-content\/uploads\/2023\/05\/REC22553_Stellenanzeige_Technischer-Zeichner_V4.0.0.pdf\">Technischer Zeichner<\/a><\/li>\n<\/ul>\n<\/div>\n\n\n\n<div class=\"wp-block-column is-layout-flow wp-block-column-is-layout-flow\">\n<p><strong>OL \/ 50Hz<\/strong><\/p>\n<ul>\n<li><a href=\"https:\/\/railexpertconsult.com\/wp-content\/uploads\/2023\/05\/REC22173_Stellenanzeige-Senior-Techniker-Oberleitung_V4.0.0.pdf\">Senior Techniker Oberleitung<\/a><\/li>\n<li><a href=\"https:\/\/railexpertconsult.com\/wp-content\/uploads\/2023\/05\/REC22172_Stellenanzeige-Senior-Techniker-50Hz-WHZ_V4.0.0.pdf\">Senior Techniker 50Hz<\/a><\/li>\n<\/ul>\n<p><strong>\u00d6BA<\/strong><\/p>\n<ul>\n<li><a href=\"https:\/\/railexpertconsult.com\/wp-content\/uploads\/2023\/05\/REC22450_Stellenanzeige_OeBA_V4.0.0.pdf\">\u00d6rtliche Bauaufsicht im Bahnwesen<\/a><\/li>\n<\/ul>\n<p><strong>IT \/ Telekom \/ SW<\/strong><\/p>\n<ul>\n<li><a href=\"http:\/\/railexpertconsult.com\/wp-content\/uploads\/2024\/08\/REC21304_Stellenanzeige_IT-Administrator_V7.0.0.pdf\">IT-Administrator<\/a><\/li>\n<li><a href=\"https:\/\/railexpertconsult.com\/wp-content\/uploads\/2023\/05\/REC20288_Stellenanzeige_IT-Security-Experte_V4.0.0.pdf\">IT-Security-Experte<\/a><\/li>\n<li><a href=\"https:\/\/railexpertconsult.com\/wp-content\/uploads\/2023\/05\/REC22563_Stellenanzeige_Netzwerktechniker_V4.0.0.pdf\">Netzwerktechniker<\/a><\/li>\n<li><a href=\"https:\/\/railexpertconsult.com\/wp-content\/uploads\/2023\/05\/REC21486_Stellenanzeige_Telekom_Planer_V9.0.0.pdf\">Telekom Planer<\/a><\/li>\n<li><a href=\"https:\/\/railexpertconsult.com\/wp-content\/uploads\/2023\/05\/REC22548_Stellenanzeige_Senior-Telekom_Planer_V4.0.0.pdf\">Senior Telekom Planer<\/a><\/li>\n<li><a href=\"https:\/\/railexpertconsult.com\/wp-content\/uploads\/2023\/05\/REC22549_Stellenanzeige_Technischer-Experte-Funknetze-Bahn_V5.0.0.pdf\">Technischer Experte \u2013 Funknetze Bahn<\/a><\/li>\n<li><a href=\"https:\/\/railexpertconsult.com\/wp-content\/uploads\/2023\/05\/REC22550_Stellenanzeige_Senior-Technischer-Experte-Funknetze-Bahn_V5.0.0.pdf\">Senior Technischer Experte \u2013 Funknetze Bahn<\/a><\/li>\n<li><a href=\"https:\/\/railexpertconsult.com\/wp-content\/uploads\/2023\/05\/REC20293_Stellenanzeige_Junior-Software-Developer-Architekt_V8.0.0.pdf\">Junior Software Developer \/ Architekt<\/a><\/li>\n<li><a href=\"https:\/\/railexpertconsult.com\/wp-content\/uploads\/2023\/05\/REC20323_Stellenanzeige_Senior-Software-Developer-Architekt_V9.0.0.pdf\">Senior Software Developer \/ Architekt<\/a><\/li>\n<li><a href=\"https:\/\/railexpertconsult.com\/wp-content\/uploads\/2023\/07\/REC23373_Stellenanzeige_System-Test-Engineer_V1.0.0.pdf\">System Test Engineer<\/a><\/li>\n<li><a href=\"https:\/\/railexpertconsult.com\/wp-content\/uploads\/2023\/07\/REC23374_Stellenanzeige_Senior-System-Test-Engineer_V1.0.0.pdf\">Senior System Test Engineer<\/a><\/li>\n<\/ul>\n<p><strong>Planer<\/strong><\/p>\n<ul>\n<li><a href=\"https:\/\/railexpertconsult.com\/wp-content\/uploads\/2023\/05\/REC23056_Stellenanzeige_Planer-Signaltechnik_V2.0.0.pdf\">Planer im Bereich Leit- und Sicherungstechnik<\/a><\/li>\n<li><a href=\"https:\/\/railexpertconsult.com\/wp-content\/uploads\/2023\/05\/REC23057_Stellenanzeige_Planer-50Hz-WHZ_V2.0.0.pdf\">Planer im Bereich 50Hz \/ WHZ Bahn<\/a><\/li>\n<li><a href=\"https:\/\/railexpertconsult.com\/wp-content\/uploads\/2023\/05\/REC23364_Stellenanzeige_Planer-OL-UW_V2.0.0.pdf\">Planer im Bereich Oberleitung \/ Unterwerke Bahn<\/a><\/li>\n<\/ul>\n<\/div>\n<\/div>\n<\/div>\n<\/div>\n\n\n\n<p><strong>Eigeninitiative ergreifen<\/strong><\/p>\n\n\n\n<p>Da wir laufend auf der Suche nach neuen motivierten Teammitgliedern sind, sind Initiativbewerbungen bei uns immer herzlich willkommen. Solltest du unter den aktuellen Stellenangeboten kein passendes Profil gefunden haben, du aber trotzdem Interesse an einer beruflichen Zukunft bei Rail Expert Consult hast, dann schicke uns gerne deine aussagekr\u00e4ftige Bewerbung.<\/p>\n\n\n\n<p><strong><a href=\"mailto:career@railexpertconsult.com?subject=Bewerbung\">Klicke hier, um deine Bewerbungsunterlagen zu senden!<\/a><br><\/strong><sup><sub>Disclaimer: Wir m\u00f6chten Sie darauf hinweisen, dass Ihre Daten vertraulich behandelt und gem\u00e4\u00df unserer <a href=\"http:\/\/www.railexpertconsult.com\/de\/datenschutzerklaerung\/\">Datenschutzerkl\u00e4rung<\/a> bearbeitet werden.<\/sub><\/sup><\/p>\n\n\n\n<p>Noch Fragen? Mehr zu<strong> <span style=\"color:#c00000\" class=\"has-inline-color\">RAIL <\/span><em>Expert Consult<\/em><\/strong> als Unternehmen und Arbeitgeber findest du <a href=\"https:\/\/railexpertconsult.com\/?page_id=1422\" data-type=\"link\" data-id=\"https:\/\/railexpertconsult.com\/?page_id=1422\">hier<\/a>!<br><strong>Wir freuen uns auf dich!<\/strong><\/p>\n\n\n\n<p><\/p>\n","protected":false},"excerpt":{"rendered":"<p>Aktuelle Stellenangebote Tauche mit uns ein in das spannende Berufsfeld des Eisenbahn- und Verkehrswesens. RAIL Expert Consult\u00a0bietet abwechslungsreiche T\u00e4tigkeitsbereiche in einem internationalen und zukunftstr\u00e4chtigen Arbeitsumfeld. Wir suchen vielf\u00e4ltige Talente und F\u00e4higkeiten, um unser diverses Team zu verst\u00e4rken. Ob versierter Experte oder Quereinsteiger: Bewirb dich um einen Job in unserem Unternehmen und entdecke neue M\u00f6glichkeiten im Eisenbahnsektor! Werde auch du Teil&#8230; <a href=\"https:\/\/railexpertconsult.com\/?page_id=1044\">weiterlesen &raquo;<\/a><\/p>\n","protected":false},"author":1,"featured_media":0,"parent":0,"menu_order":0,"comment_status":"closed","ping_status":"closed","template":"","meta":{"ub_ctt_via":"","footnotes":""},"class_list":["post-1044","page","type-page","status-publish","hentry"],"featured_image_src":null,"_links":{"self":[{"href":"https:\/\/railexpertconsult.com\/index.php?rest_route=\/wp\/v2\/pages\/1044","targetHints":{"allow":["GET"]}}],"collection":[{"href":"https:\/\/railexpertconsult.com\/index.php?rest_route=\/wp\/v2\/pages"}],"about":[{"href":"https:\/\/railexpertconsult.com\/index.php?rest_route=\/wp\/v2\/types\/page"}],"author":[{"embeddable":true,"href":"https:\/\/railexpertconsult.com\/index.php?rest_route=\/wp\/v2\/users\/1"}],"replies":[{"embeddable":true,"href":"https:\/\/railexpertconsult.com\/index.php?rest_route=%2Fwp%2Fv2%2Fcomments&post=1044"}],"version-history":[{"count":8,"href":"https:\/\/railexpertconsult.com\/index.php?rest_route=\/wp\/v2\/pages\/1044\/revisions"}],"predecessor-version":[{"id":1945,"href":"https:\/\/railexpertconsult.com\/index.php?rest_route=\/wp\/v2\/pages\/1044\/revisions\/1945"}],"wp:attachment":[{"href":"https:\/\/railexpertconsult.com\/index.php?rest_route=%2Fwp%2Fv2%2Fmedia&parent=1044"}],"curies":[{"name":"wp","href":"https:\/\/api.w.org\/{rel}","templated":true}]}}