{"id":1250,"date":"2019-10-31T14:52:12","date_gmt":"2019-10-31T13:52:12","guid":{"rendered":"https:\/\/www.railexpertconsult.com\/?page_id=1250"},"modified":"2019-10-31T14:52:12","modified_gmt":"2019-10-31T13:52:12","slug":"it-sicherheit","status":"publish","type":"page","link":"https:\/\/railexpertconsult.com\/?page_id=1250","title":{"rendered":"IT Sicherheit"},"content":{"rendered":"<p><strong>IT Sicherheit<\/strong><\/p>\n<ul>\n<li>Erstellen von IT-Security Konzepten<\/li>\n<li>\u00dcberpr\u00fcfung, Bewertung und \u00dcberarbeitung bestehender IT-Security Konzepte<\/li>\n<li>Begleitende Umsetzung dieser Konzepte<\/li>\n<li>Schulungen f\u00fcr Mitarbeiter (Employee Awareness)<\/li>\n<li>Fokus auf neue Anwendungen und Technologien (z.B. IoT Applikationen)<\/li>\n<\/ul>\n\n\n<figure class=\"wp-block-image\"><img loading=\"lazy\" decoding=\"async\" width=\"509\" height=\"232\" src=\"https:\/\/railexpertconsult.com\/wp-content\/uploads\/2019\/10\/it-security.png\" alt=\"\" class=\"wp-image-1257\" srcset=\"https:\/\/railexpertconsult.com\/wp-content\/uploads\/2019\/10\/it-security.png 509w, https:\/\/railexpertconsult.com\/wp-content\/uploads\/2019\/10\/it-security-300x137.png 300w\" sizes=\"auto, (max-width: 509px) 100vw, 509px\" \/><\/figure>\n","protected":false},"excerpt":{"rendered":"<p>IT Sicherheit Erstellen von IT-Security Konzepten \u00dcberpr\u00fcfung, Bewertung und \u00dcberarbeitung bestehender IT-Security Konzepte Begleitende Umsetzung dieser Konzepte Schulungen f\u00fcr Mitarbeiter (Employee Awareness) Fokus auf neue Anwendungen und Technologien (z.B. IoT Applikationen)<\/p>\n","protected":false},"author":1,"featured_media":0,"parent":0,"menu_order":0,"comment_status":"closed","ping_status":"closed","template":"","meta":{"ub_ctt_via":"","footnotes":""},"class_list":["post-1250","page","type-page","status-publish","hentry"],"featured_image_src":null,"_links":{"self":[{"href":"https:\/\/railexpertconsult.com\/index.php?rest_route=\/wp\/v2\/pages\/1250","targetHints":{"allow":["GET"]}}],"collection":[{"href":"https:\/\/railexpertconsult.com\/index.php?rest_route=\/wp\/v2\/pages"}],"about":[{"href":"https:\/\/railexpertconsult.com\/index.php?rest_route=\/wp\/v2\/types\/page"}],"author":[{"embeddable":true,"href":"https:\/\/railexpertconsult.com\/index.php?rest_route=\/wp\/v2\/users\/1"}],"replies":[{"embeddable":true,"href":"https:\/\/railexpertconsult.com\/index.php?rest_route=%2Fwp%2Fv2%2Fcomments&post=1250"}],"version-history":[{"count":0,"href":"https:\/\/railexpertconsult.com\/index.php?rest_route=\/wp\/v2\/pages\/1250\/revisions"}],"wp:attachment":[{"href":"https:\/\/railexpertconsult.com\/index.php?rest_route=%2Fwp%2Fv2%2Fmedia&parent=1250"}],"curies":[{"name":"wp","href":"https:\/\/api.w.org\/{rel}","templated":true}]}}