{"id":1422,"date":"2021-10-07T10:36:37","date_gmt":"2021-10-07T08:36:37","guid":{"rendered":"https:\/\/www.railexpertconsult.com\/?page_id=1422"},"modified":"2021-10-07T10:36:37","modified_gmt":"2021-10-07T08:36:37","slug":"rail-expert-consult-als-arbeitgeber","status":"publish","type":"page","link":"https:\/\/railexpertconsult.com\/?page_id=1422","title":{"rendered":"Rail Expert Consult als Arbeitgeber"},"content":{"rendered":"\n<div class=\"wp-block-columns is-layout-flex wp-container-core-columns-is-layout-9d6595d7 wp-block-columns-is-layout-flex\">\n<div class=\"wp-block-column is-layout-flow wp-block-column-is-layout-flow\">\n<p><strong><strong><strong><strong><span style=\"color:#c00000\" class=\"has-inline-color\">RAIL <\/span><em>Expert Consult <\/em><\/strong><\/strong><\/strong>als Arbeitgeber<\/strong><\/p>\n\n\n\n<p>Rail Expert Consult GmbH ist ein national und international agierendes Ingenieursb\u00fcro mit Sitz in Wien. Wir bieten qualifizierte Dienstleistungen f\u00fcr intelligente, effiziente und sichere L\u00f6sungen im Schieneninfrastrukturbereich an. Als zentraler Ansprechpartner bei der Planung, der Umsetzung und dem Betrieb von Systemen und Prozessen im Eisenbahnwesen unterst\u00fctzen wir unsere Kunden sowohl auf Betreiberseite als auch auf Herstellerseite mit ma\u00dfgeschneiderten L\u00f6sungen.<\/p>\n\n\n\n<p><strong>Deine Karriere bei <strong><strong><span style=\"color:#c00000\" class=\"has-inline-color\">RAIL <\/span><em>Expert Consult<\/em><\/strong><\/strong><\/strong><\/p>\n\n\n\n<p>Rail Expert Consult sucht laufend kompetente und motivierte Mitarbeiterinnen und Mitarbeiter zur Verst\u00e4rkung unseres Teams. Wir bieten attraktive Rahmenbedingungen in einem abwechslungsreichen, vielf\u00e4ltigen und zukunftstr\u00e4chtigen Umfeld sowie eine ansprechende Entlohnung.<\/p>\n\n\n\n<p>M\u00f6chtest du Teil unseres Teams werden?<br>Wir freuen uns auf deine aussagekr\u00e4ftigen Bewerbungsunterlagen: N\u00e4here Informationen zu deinen beruflichen Chancen und M\u00f6glichkeiten bei Rail Expert Consult findest du <a href=\"https:\/\/www.railexpertconsult.com\/de\/jobs\/\" data-type=\"URL\" data-id=\"https:\/\/www.railexpertconsult.com\/de\/jobs\/\">hier<\/a>.<\/p>\n\n\n\n<p><strong>Deine Vorteile<\/strong><sup>*<\/sup><strong> bei <strong><span style=\"color:#c00000\" class=\"has-inline-color\">RAIL <\/span><em>Expert Consult<\/em><\/strong><\/strong><\/p>\n\n\n\n<p>Unsere Mitarbeiterinnen und Mitarbeiter sind der Schl\u00fcssel unseres Erfolges. Die Zufriedenheit unserer Angestellten und die Schaffung eines attraktiven Arbeitsumfeldes durch diverse Benefits und Sozialleistungen sind uns daher besonders wichtig.<\/p>\n\n\n\n<hr class=\"wp-block-separator\"\/>\n\n\n\n<p><sup><sub>*Disclaimer:<em> <\/em>Mitarbeiter-Benefits sind freiwillige Leistungen des Arbeitgebers. Arbeitnehmer haben keinen gesetzlichen Anspruch auf diese freiwilligen Leistungen. Diese freiwilligen Leistungen k\u00f6nnen jederzeit durch den Arbeitgeber zur\u00fcckgenommen, ge\u00e4ndert oder ver\u00e4ndert werden (begr\u00fcndet oder unbegr\u00fcndet und unabh\u00e4ngig von der Dauer bzw. Zeitraum, in welchem diese bereits geleistet wurden).<\/sub><\/sup><\/p>\n<\/div>\n\n\n\n<div class=\"wp-block-column is-layout-flow wp-block-column-is-layout-flow\">\n<div class=\"wp-block-columns is-layout-flex wp-container-core-columns-is-layout-9d6595d7 wp-block-columns-is-layout-flex\">\n<div class=\"wp-block-column is-layout-flow wp-block-column-is-layout-flow\" style=\"flex-basis:100%\">\n<div class=\"wp-block-columns is-layout-flex wp-container-core-columns-is-layout-9d6595d7 wp-block-columns-is-layout-flex\">\n<div class=\"wp-block-column is-layout-flow wp-block-column-is-layout-flow\" style=\"flex-basis:100%\"><div class=\"wp-block-ub-content-toggle\" id=\"ub-content-toggle-181f02b2-412d-4467-b812-020da75d0d38\" data-showonlyone=\"true\" data-mobilecollapse=\"false\" data-desktopcollapse=\"false\">\n<div class=\"no-border wp-block-ub-content-toggle-accordion\" id=\"ub-content-toggle-panel-block-\">\n                <div class=\"wp-block-ub-content-toggle-accordion-title-wrap\"\" aria-controls=\"ub-content-toggle-panel-0-181f02b2-412d-4467-b812-020da75d0d38\" tabindex=\"0\">\n                    <p class=\"wp-block-ub-content-toggle-accordion-title ub-content-toggle-title-181f02b2-412d-4467-b812-020da75d0d38\">Flexible Arbeitszeiten<\/p><div class=\"wp-block-ub-content-toggle-accordion-toggle-wrap right\"><span class=\"wp-block-ub-content-toggle-accordion-state-indicator wp-block-ub-chevron-down\"><\/span>\n                    <\/div><\/div><div role=\"region\" aria-expanded=\"false\" class=\"wp-block-ub-content-toggle-accordion-content-wrap ub-hide\" id=\"ub-content-toggle-panel-0-181f02b2-412d-4467-b812-020da75d0d38\">\n\n<p>Wir setzen auf ein flexibles Arbeitszeitmodel mit gro\u00dfz\u00fcgigen Gleitzeitrahmen und dem Wegfall von verpflichtenden Kernzeiten. Zeitausgleich oder Urlaub sind einfach im Team abzusprechen.<\/p>\n\n<\/div><\/div>\n\n<div class=\"no-border wp-block-ub-content-toggle-accordion\" id=\"ub-content-toggle-panel-block-\">\n                <div class=\"wp-block-ub-content-toggle-accordion-title-wrap\"\" aria-controls=\"ub-content-toggle-panel-1-181f02b2-412d-4467-b812-020da75d0d38\" tabindex=\"0\">\n                    <p class=\"wp-block-ub-content-toggle-accordion-title ub-content-toggle-title-181f02b2-412d-4467-b812-020da75d0d38\">Zus\u00e4tzliche Urlaubswoche<\/p><div class=\"wp-block-ub-content-toggle-accordion-toggle-wrap right\"><span class=\"wp-block-ub-content-toggle-accordion-state-indicator wp-block-ub-chevron-down\"><\/span>\n                    <\/div><\/div><div role=\"region\" aria-expanded=\"false\" class=\"wp-block-ub-content-toggle-accordion-content-wrap ub-hide\" id=\"ub-content-toggle-panel-1-181f02b2-412d-4467-b812-020da75d0d38\">\n\n<p>Zur Unterst\u00fctzung der optimalen Gestaltung der Work-Life-Balance erh\u00e4lt bei uns jeder \u2013 unabh\u00e4ngig vom Alter bzw. Dienstjahren \u2013 eine zus\u00e4tzliche Urlaubswoche.<\/p>\n\n<\/div><\/div>\n\n<div class=\"no-border wp-block-ub-content-toggle-accordion\" id=\"ub-content-toggle-panel-block-\">\n                <div class=\"wp-block-ub-content-toggle-accordion-title-wrap\"\" aria-controls=\"ub-content-toggle-panel-2-181f02b2-412d-4467-b812-020da75d0d38\" tabindex=\"0\">\n                    <p class=\"wp-block-ub-content-toggle-accordion-title ub-content-toggle-title-181f02b2-412d-4467-b812-020da75d0d38\">Home-Office M\u00f6glichkeit<\/p><div class=\"wp-block-ub-content-toggle-accordion-toggle-wrap right\"><span class=\"wp-block-ub-content-toggle-accordion-state-indicator wp-block-ub-chevron-down\"><\/span>\n                    <\/div><\/div><div role=\"region\" aria-expanded=\"false\" class=\"wp-block-ub-content-toggle-accordion-content-wrap ub-hide\" id=\"ub-content-toggle-panel-2-181f02b2-412d-4467-b812-020da75d0d38\">\n\n<p>Bei uns ist die M\u00f6glichkeit zum Home-Office zur St\u00e4rkung der individuellen Flexibilit\u00e4t seit jeher gegeben.<\/p>\n\n<\/div><\/div>\n\n<div class=\"no-border wp-block-ub-content-toggle-accordion\" id=\"ub-content-toggle-panel-block-\">\n                <div class=\"wp-block-ub-content-toggle-accordion-title-wrap\"\" aria-controls=\"ub-content-toggle-panel-3-181f02b2-412d-4467-b812-020da75d0d38\" tabindex=\"0\">\n                    <p class=\"wp-block-ub-content-toggle-accordion-title ub-content-toggle-title-181f02b2-412d-4467-b812-020da75d0d38\">Moderne B\u00fcroausstattung<\/p><div class=\"wp-block-ub-content-toggle-accordion-toggle-wrap right\"><span class=\"wp-block-ub-content-toggle-accordion-state-indicator wp-block-ub-chevron-down\"><\/span>\n                    <\/div><\/div><div role=\"region\" aria-expanded=\"false\" class=\"wp-block-ub-content-toggle-accordion-content-wrap ub-hide\" id=\"ub-content-toggle-panel-3-181f02b2-412d-4467-b812-020da75d0d38\">\n\n<p>Der Wohlf\u00fchlfaktor bei der Arbeit ist wichtig, daher gibt es bei uns ruhige Kleinraumb\u00fcros samt eigenem Arbeitsplatz und gut ausgestatteten Gemeinschaftsr\u00e4umen. Zus\u00e4tzlich bekommst du einen Firmenlaptop und ein Firmenhandy.<\/p>\n\n<\/div><\/div>\n\n<div class=\"no-border wp-block-ub-content-toggle-accordion\" id=\"ub-content-toggle-panel-block-\">\n                <div class=\"wp-block-ub-content-toggle-accordion-title-wrap\"\" aria-controls=\"ub-content-toggle-panel-4-181f02b2-412d-4467-b812-020da75d0d38\" tabindex=\"0\">\n                    <p class=\"wp-block-ub-content-toggle-accordion-title ub-content-toggle-title-181f02b2-412d-4467-b812-020da75d0d38\">Weiterbildungsm\u00f6glichkeiten<\/p><div class=\"wp-block-ub-content-toggle-accordion-toggle-wrap right\"><span class=\"wp-block-ub-content-toggle-accordion-state-indicator wp-block-ub-chevron-down\"><\/span>\n                    <\/div><\/div><div role=\"region\" aria-expanded=\"false\" class=\"wp-block-ub-content-toggle-accordion-content-wrap ub-hide\" id=\"ub-content-toggle-panel-4-181f02b2-412d-4467-b812-020da75d0d38\">\n\n<p>Wir bieten eine stetige F\u00f6rderung durch diverse Ma\u00dfnahmen wie On-the-Job Training, externe Schulungen und den Besuch von nationalen und internationalen Fachveranstaltungen.<\/p>\n\n<\/div><\/div>\n\n<div class=\"no-border wp-block-ub-content-toggle-accordion\" id=\"ub-content-toggle-panel-block-\">\n                <div class=\"wp-block-ub-content-toggle-accordion-title-wrap\"\" aria-controls=\"ub-content-toggle-panel-5-181f02b2-412d-4467-b812-020da75d0d38\" tabindex=\"0\">\n                    <p class=\"wp-block-ub-content-toggle-accordion-title ub-content-toggle-title-181f02b2-412d-4467-b812-020da75d0d38\">Impfprogramm<\/p><div class=\"wp-block-ub-content-toggle-accordion-toggle-wrap right\"><span class=\"wp-block-ub-content-toggle-accordion-state-indicator wp-block-ub-chevron-down\"><\/span>\n                    <\/div><\/div><div role=\"region\" aria-expanded=\"false\" class=\"wp-block-ub-content-toggle-accordion-content-wrap ub-hide\" id=\"ub-content-toggle-panel-5-181f02b2-412d-4467-b812-020da75d0d38\">\n\n<p>Zur gesundheitlichen Vorsorge gibt es bei uns ein kostenloses Impfprogramm, welches eine allgemeine Impfberatung, sowie Standard- und Reiseimpfungen beinhaltet.<\/p>\n\n<\/div><\/div>\n\n<div class=\"no-border wp-block-ub-content-toggle-accordion\" id=\"ub-content-toggle-panel-block-\">\n                <div class=\"wp-block-ub-content-toggle-accordion-title-wrap\"\" aria-controls=\"ub-content-toggle-panel-6-181f02b2-412d-4467-b812-020da75d0d38\" tabindex=\"0\">\n                    <p class=\"wp-block-ub-content-toggle-accordion-title ub-content-toggle-title-181f02b2-412d-4467-b812-020da75d0d38\">Krankenzusatzversicherung<\/p><div class=\"wp-block-ub-content-toggle-accordion-toggle-wrap right\"><span class=\"wp-block-ub-content-toggle-accordion-state-indicator wp-block-ub-chevron-down\"><\/span>\n                    <\/div><\/div><div role=\"region\" aria-expanded=\"false\" class=\"wp-block-ub-content-toggle-accordion-content-wrap ub-hide\" id=\"ub-content-toggle-panel-6-181f02b2-412d-4467-b812-020da75d0d38\">\n\n<p>Bei Bedarf bieten wir dir die M\u00f6glichkeit zum Abschluss einer verg\u00fcnstigten Krankenzusatzversicherung.<\/p>\n\n<\/div><\/div>\n\n<div class=\"no-border wp-block-ub-content-toggle-accordion\" id=\"ub-content-toggle-panel-block-\">\n                <div class=\"wp-block-ub-content-toggle-accordion-title-wrap\"\" aria-controls=\"ub-content-toggle-panel-7-181f02b2-412d-4467-b812-020da75d0d38\" tabindex=\"0\">\n                    <p class=\"wp-block-ub-content-toggle-accordion-title ub-content-toggle-title-181f02b2-412d-4467-b812-020da75d0d38\">Betriebliche Vorsorge<\/p><div class=\"wp-block-ub-content-toggle-accordion-toggle-wrap right\"><span class=\"wp-block-ub-content-toggle-accordion-state-indicator wp-block-ub-chevron-down\"><\/span>\n                    <\/div><\/div><div role=\"region\" aria-expanded=\"false\" class=\"wp-block-ub-content-toggle-accordion-content-wrap ub-hide\" id=\"ub-content-toggle-panel-7-181f02b2-412d-4467-b812-020da75d0d38\">\n\n<p>Wir k\u00fcmmern uns aktiv um deine Zukunftssicherung, daher gibt es eine Pensionsvorsorge f\u00fcr alle sowie die freiwillige M\u00f6glichkeit einer individuellen steuerbeg\u00fcnstigten Pensionszusatzversicherung.<\/p>\n\n<\/div><\/div>\n\n<div class=\"no-border wp-block-ub-content-toggle-accordion\" id=\"ub-content-toggle-panel-block-\">\n                <div class=\"wp-block-ub-content-toggle-accordion-title-wrap\"\" aria-controls=\"ub-content-toggle-panel-8-181f02b2-412d-4467-b812-020da75d0d38\" tabindex=\"0\">\n                    <p class=\"wp-block-ub-content-toggle-accordion-title ub-content-toggle-title-181f02b2-412d-4467-b812-020da75d0d38\">F\u00f6rderung \u00d6ffentlicher Verkehr<\/p><div class=\"wp-block-ub-content-toggle-accordion-toggle-wrap right\"><span class=\"wp-block-ub-content-toggle-accordion-state-indicator wp-block-ub-chevron-down\"><\/span>\n                    <\/div><\/div><div role=\"region\" aria-expanded=\"false\" class=\"wp-block-ub-content-toggle-accordion-content-wrap ub-hide\" id=\"ub-content-toggle-panel-8-181f02b2-412d-4467-b812-020da75d0d38\">\n\n<p>Zur Sicherstellung deiner Mobilit\u00e4t bekommst du die Wiener Linien bzw. VOR Jahreskarte sowie das Klimaticket f\u00fcr ganz \u00d6sterreich.<\/p>\n\n<\/div><\/div>\n\n<div class=\"no-border wp-block-ub-content-toggle-accordion\" id=\"ub-content-toggle-panel-block-\">\n                <div class=\"wp-block-ub-content-toggle-accordion-title-wrap\"\" aria-controls=\"ub-content-toggle-panel-9-181f02b2-412d-4467-b812-020da75d0d38\" tabindex=\"0\">\n                    <p class=\"wp-block-ub-content-toggle-accordion-title ub-content-toggle-title-181f02b2-412d-4467-b812-020da75d0d38\">Essenszuschuss<\/p><div class=\"wp-block-ub-content-toggle-accordion-toggle-wrap right\"><span class=\"wp-block-ub-content-toggle-accordion-state-indicator wp-block-ub-chevron-down\"><\/span>\n                    <\/div><\/div><div role=\"region\" aria-expanded=\"false\" class=\"wp-block-ub-content-toggle-accordion-content-wrap ub-hide\" id=\"ub-content-toggle-panel-9-181f02b2-412d-4467-b812-020da75d0d38\">\n\n<p>Neben dem Zuschuss in Form von Essensgutscheinen bieten wir im B\u00fcro gratis Getr\u00e4nke und kleine Snacks an.<\/p>\n\n<\/div><\/div>\n\n<div class=\"no-border wp-block-ub-content-toggle-accordion\" id=\"ub-content-toggle-panel-block-\">\n                <div class=\"wp-block-ub-content-toggle-accordion-title-wrap\"\" aria-controls=\"ub-content-toggle-panel-10-181f02b2-412d-4467-b812-020da75d0d38\" tabindex=\"0\">\n                    <p class=\"wp-block-ub-content-toggle-accordion-title ub-content-toggle-title-181f02b2-412d-4467-b812-020da75d0d38\">Regelm\u00e4\u00dfige Betriebsevents<\/p><div class=\"wp-block-ub-content-toggle-accordion-toggle-wrap right\"><span class=\"wp-block-ub-content-toggle-accordion-state-indicator wp-block-ub-chevron-down\"><\/span>\n                    <\/div><\/div><div role=\"region\" aria-expanded=\"false\" class=\"wp-block-ub-content-toggle-accordion-content-wrap ub-hide\" id=\"ub-content-toggle-panel-10-181f02b2-412d-4467-b812-020da75d0d38\">\n\n<p>Wir f\u00f6rdern den aktiven Team-Zusammenhalt mit einer Vielzahl an Events wie Betriebsfeiern, Business Run und einer j\u00e4hrlichen Team-Building-Woche am Land.<\/p>\n\n<\/div><\/div>\n<\/div><\/div>\n<\/div>\n<\/div>\n<\/div>\n<\/div>\n<\/div>\n","protected":false},"excerpt":{"rendered":"<p>RAIL Expert Consult als Arbeitgeber Rail Expert Consult GmbH ist ein national und international agierendes Ingenieursb\u00fcro mit Sitz in Wien. Wir bieten qualifizierte Dienstleistungen f\u00fcr intelligente, effiziente und sichere L\u00f6sungen im Schieneninfrastrukturbereich an. Als zentraler Ansprechpartner bei der Planung, der Umsetzung und dem Betrieb von Systemen und Prozessen im Eisenbahnwesen unterst\u00fctzen wir unsere Kunden sowohl auf Betreiberseite als auch auf&#8230; <a href=\"https:\/\/railexpertconsult.com\/?page_id=1422\">weiterlesen &raquo;<\/a><\/p>\n","protected":false},"author":1,"featured_media":0,"parent":1044,"menu_order":0,"comment_status":"closed","ping_status":"closed","template":"","meta":{"ub_ctt_via":"","footnotes":""},"class_list":["post-1422","page","type-page","status-publish","hentry"],"featured_image_src":null,"_links":{"self":[{"href":"https:\/\/railexpertconsult.com\/index.php?rest_route=\/wp\/v2\/pages\/1422","targetHints":{"allow":["GET"]}}],"collection":[{"href":"https:\/\/railexpertconsult.com\/index.php?rest_route=\/wp\/v2\/pages"}],"about":[{"href":"https:\/\/railexpertconsult.com\/index.php?rest_route=\/wp\/v2\/types\/page"}],"author":[{"embeddable":true,"href":"https:\/\/railexpertconsult.com\/index.php?rest_route=\/wp\/v2\/users\/1"}],"replies":[{"embeddable":true,"href":"https:\/\/railexpertconsult.com\/index.php?rest_route=%2Fwp%2Fv2%2Fcomments&post=1422"}],"version-history":[{"count":0,"href":"https:\/\/railexpertconsult.com\/index.php?rest_route=\/wp\/v2\/pages\/1422\/revisions"}],"up":[{"embeddable":true,"href":"https:\/\/railexpertconsult.com\/index.php?rest_route=\/wp\/v2\/pages\/1044"}],"wp:attachment":[{"href":"https:\/\/railexpertconsult.com\/index.php?rest_route=%2Fwp%2Fv2%2Fmedia&parent=1422"}],"curies":[{"name":"wp","href":"https:\/\/api.w.org\/{rel}","templated":true}]}}