{"id":15,"date":"2015-10-05T13:51:29","date_gmt":"2015-10-05T11:51:29","guid":{"rendered":"http:\/\/www.mobimera.at\/sandboxREC\/?page_id=15"},"modified":"2015-10-05T13:51:29","modified_gmt":"2015-10-05T11:51:29","slug":"leistungen","status":"publish","type":"page","link":"https:\/\/railexpertconsult.com\/?page_id=15","title":{"rendered":"Leistungen"},"content":{"rendered":"<p style=\"text-align: left;\">Als Partner f\u00fcr Eisenbahninfrastrukturbetreiber, Eisenbahnverkehrsunternehmen, \u00f6ffentliche und private Institutionen und die Eisenbahnindustrie f\u00fchren wir strategische, betriebliche und technische Projekte durch. <strong><span style=\"color: #c00000;\">RAIL <\/span><em>Expert Consult GmbH<\/em><\/strong>\u00a0 bietet projektbezogene, strategische und kontinuierliche Begleitung.<\/p>\n<p style=\"text-align: left;\"><strong><span style=\"color: #c00000;\">RAIL <\/span><em>Expert Consult GmbH<\/em><\/strong>\u00a0 bietet Leistungen in folgen T\u00e4tigkeitsbereichen an:<\/p>\n<p style=\"text-align: left;\"><img loading=\"lazy\" decoding=\"async\" class=\"alignnone wp-image-890 size-full\" src=\"https:\/\/railexpertconsult.com\/wp-content\/uploads\/2015\/10\/REC_Leistungen_DE_1200.png\" alt=\"\" width=\"1200\" height=\"237\" srcset=\"https:\/\/railexpertconsult.com\/wp-content\/uploads\/2015\/10\/REC_Leistungen_DE_1200.png 1200w, https:\/\/railexpertconsult.com\/wp-content\/uploads\/2015\/10\/REC_Leistungen_DE_1200-300x59.png 300w, https:\/\/railexpertconsult.com\/wp-content\/uploads\/2015\/10\/REC_Leistungen_DE_1200-1024x202.png 1024w, https:\/\/railexpertconsult.com\/wp-content\/uploads\/2015\/10\/REC_Leistungen_DE_1200-768x152.png 768w, https:\/\/railexpertconsult.com\/wp-content\/uploads\/2015\/10\/REC_Leistungen_DE_1200-624x123.png 624w\" sizes=\"auto, (max-width: 1200px) 100vw, 1200px\" \/><\/p>\n<p>Unsere T\u00e4tigkeit umfasst die nachfolgenden Leistungsbereiche:<\/p>\n<ul>\n<li>Projektmanagement<\/li>\n<li>Strategische, betriebliche und technische Beratung<\/li>\n<li>Begleitung von Entwicklungsprozessen<\/li>\n<li>Engineering<\/li>\n<li>Nachweisf\u00fchrung und Begutachtungst\u00e4tigkeit gem\u00e4\u00df EN50126, EN50128, EN50129 und EN50159<\/li>\n<li>Innovations- und Forschungspartner<\/li>\n<li>Wirtschaftliche Bewertung von Investitionen in Infrastruktur und die Entwicklung von Systemen und Prozessen<\/li>\n<\/ul>\n","protected":false},"excerpt":{"rendered":"<p>Als Partner f\u00fcr Eisenbahninfrastrukturbetreiber, Eisenbahnverkehrsunternehmen, \u00f6ffentliche und private Institutionen und die Eisenbahnindustrie f\u00fchren wir strategische, betriebliche und technische Projekte durch. RAIL Expert Consult GmbH\u00a0 bietet projektbezogene, strategische und kontinuierliche Begleitung. RAIL Expert Consult GmbH\u00a0 bietet Leistungen in folgen T\u00e4tigkeitsbereichen an: Unsere T\u00e4tigkeit umfasst die nachfolgenden Leistungsbereiche: Projektmanagement Strategische, betriebliche und technische Beratung Begleitung von Entwicklungsprozessen Engineering Nachweisf\u00fchrung und Begutachtungst\u00e4tigkeit gem\u00e4\u00df&#8230; <a href=\"https:\/\/railexpertconsult.com\/?page_id=15\">weiterlesen &raquo;<\/a><\/p>\n","protected":false},"author":1,"featured_media":0,"parent":0,"menu_order":0,"comment_status":"closed","ping_status":"closed","template":"","meta":{"ub_ctt_via":"","footnotes":""},"class_list":["post-15","page","type-page","status-publish","hentry"],"featured_image_src":null,"_links":{"self":[{"href":"https:\/\/railexpertconsult.com\/index.php?rest_route=\/wp\/v2\/pages\/15","targetHints":{"allow":["GET"]}}],"collection":[{"href":"https:\/\/railexpertconsult.com\/index.php?rest_route=\/wp\/v2\/pages"}],"about":[{"href":"https:\/\/railexpertconsult.com\/index.php?rest_route=\/wp\/v2\/types\/page"}],"author":[{"embeddable":true,"href":"https:\/\/railexpertconsult.com\/index.php?rest_route=\/wp\/v2\/users\/1"}],"replies":[{"embeddable":true,"href":"https:\/\/railexpertconsult.com\/index.php?rest_route=%2Fwp%2Fv2%2Fcomments&post=15"}],"version-history":[{"count":0,"href":"https:\/\/railexpertconsult.com\/index.php?rest_route=\/wp\/v2\/pages\/15\/revisions"}],"wp:attachment":[{"href":"https:\/\/railexpertconsult.com\/index.php?rest_route=%2Fwp%2Fv2%2Fmedia&parent=15"}],"curies":[{"name":"wp","href":"https:\/\/api.w.org\/{rel}","templated":true}]}}