{"id":188,"date":"2015-10-20T13:28:59","date_gmt":"2015-10-20T11:28:59","guid":{"rendered":"http:\/\/www.mobimera.at\/sandboxREC\/?page_id=188"},"modified":"2015-10-20T13:28:59","modified_gmt":"2015-10-20T11:28:59","slug":"telekom-und-it","status":"publish","type":"page","link":"https:\/\/railexpertconsult.com\/?page_id=188","title":{"rendered":"Telekom und IT"},"content":{"rendered":"<div style=\"width: 100%;\">\n<div style=\"float: left; width: 50%;\">\n<p style=\"padding-left: 18px;\"><strong>Telekom<\/strong><\/p>\n<ul>\n<li>GSM-R<\/li>\n<li>LTE<\/li>\n<li>Satellitengest\u00fctzte Leittechnik<\/li>\n<li>Drahtlose Kommunikation<\/li>\n<li>Kabelgebundene Kommunikation<\/li>\n<\/ul><\/div>\n<div style=\"float: left; width: 50%;\">\n<p style=\"padding-left: 18px;\"><strong>IT L\u00f6sungen<\/strong><\/p>\n<ul>\n<li>Informationssystem f\u00fcr Passagier- und G\u00fcterverkehr<\/li>\n<li>Smarte Technologien (in Bahnh\u00f6fen und Z\u00fcgen)<\/li>\n<li>Projektierungs- und Planungswerkzeuge<\/li>\n<li>Unternehmensrelevante Software<\/li>\n<li>Sicherheitsrelevante Softwarewerkzeuge<\/li>\n<\/ul><\/div>\n<\/div>\n<p><img loading=\"lazy\" decoding=\"async\" class=\"alignnone size-full wp-image-639\" src=\"https:\/\/railexpertconsult.com\/wp-content\/uploads\/2015\/10\/ITT_shutterstock_300.jpg\" alt=\"ITT_shutterstock_300\" width=\"1100\" height=\"300\" srcset=\"https:\/\/railexpertconsult.com\/wp-content\/uploads\/2015\/10\/ITT_shutterstock_300.jpg 1100w, https:\/\/railexpertconsult.com\/wp-content\/uploads\/2015\/10\/ITT_shutterstock_300-300x82.jpg 300w, https:\/\/railexpertconsult.com\/wp-content\/uploads\/2015\/10\/ITT_shutterstock_300-1024x279.jpg 1024w, https:\/\/railexpertconsult.com\/wp-content\/uploads\/2015\/10\/ITT_shutterstock_300-768x209.jpg 768w, https:\/\/railexpertconsult.com\/wp-content\/uploads\/2015\/10\/ITT_shutterstock_300-624x170.jpg 624w\" sizes=\"auto, (max-width: 1100px) 100vw, 1100px\" \/><\/p>\n","protected":false},"excerpt":{"rendered":"<p>Telekom GSM-R LTE Satellitengest\u00fctzte Leittechnik Drahtlose Kommunikation Kabelgebundene Kommunikation IT L\u00f6sungen Informationssystem f\u00fcr Passagier- und G\u00fcterverkehr Smarte Technologien (in Bahnh\u00f6fen und Z\u00fcgen) Projektierungs- und Planungswerkzeuge Unternehmensrelevante Software Sicherheitsrelevante Softwarewerkzeuge<\/p>\n","protected":false},"author":1,"featured_media":0,"parent":0,"menu_order":0,"comment_status":"closed","ping_status":"closed","template":"","meta":{"ub_ctt_via":"","footnotes":""},"class_list":["post-188","page","type-page","status-publish","hentry"],"featured_image_src":null,"_links":{"self":[{"href":"https:\/\/railexpertconsult.com\/index.php?rest_route=\/wp\/v2\/pages\/188","targetHints":{"allow":["GET"]}}],"collection":[{"href":"https:\/\/railexpertconsult.com\/index.php?rest_route=\/wp\/v2\/pages"}],"about":[{"href":"https:\/\/railexpertconsult.com\/index.php?rest_route=\/wp\/v2\/types\/page"}],"author":[{"embeddable":true,"href":"https:\/\/railexpertconsult.com\/index.php?rest_route=\/wp\/v2\/users\/1"}],"replies":[{"embeddable":true,"href":"https:\/\/railexpertconsult.com\/index.php?rest_route=%2Fwp%2Fv2%2Fcomments&post=188"}],"version-history":[{"count":0,"href":"https:\/\/railexpertconsult.com\/index.php?rest_route=\/wp\/v2\/pages\/188\/revisions"}],"wp:attachment":[{"href":"https:\/\/railexpertconsult.com\/index.php?rest_route=%2Fwp%2Fv2%2Fmedia&parent=188"}],"curies":[{"name":"wp","href":"https:\/\/api.w.org\/{rel}","templated":true}]}}