{"id":218,"date":"2015-10-20T15:06:52","date_gmt":"2015-10-20T13:06:52","guid":{"rendered":"http:\/\/www.mobimera.at\/sandboxREC\/?page_id=218"},"modified":"2015-10-20T15:06:52","modified_gmt":"2015-10-20T13:06:52","slug":"impressum","status":"publish","type":"page","link":"https:\/\/railexpertconsult.com\/?page_id=218","title":{"rendered":"Impressum"},"content":{"rendered":"<p><strong><span style=\"color: #c00000;\">RAIL <\/span><em>Expert Consult GmbH<\/em><\/strong><\/p>\n<p>Eingetragene Firmengegenst\u00e4nde:<\/p>\n<ul>\n<li>Ingenieurb\u00fcro f\u00fcr Verkehrstechnologien\/Transportsteuerungssysteme<\/li>\n<li>EDV-Dienstleistungen<\/li>\n<li>Handelsagent<\/li>\n<\/ul>\n<p><strong><span style=\"color: #c00000;\">UID<\/span><\/strong>-Nummer: ATU67820904<br \/>\n<strong><span style=\"color: #c00000;\">FN<\/span><\/strong>: 394225 v<br \/>\n<strong><span style=\"color: #c00000;\">FB-Gericht<\/span><\/strong>: Handelsgericht Wien<\/p>\n<p>Gesch\u00e4ftsf\u00fchrender Gesellschafter: DI (FH) Erich Gr\u00fcnberger.<br \/>\nFirmensitz: Praterstrasse 25\/27, 1020 Wien.<\/p>\n<p><span style=\"color: #c00000;\"><strong>Telefon<\/strong><\/span>: +43 1 2123679 10<br \/>\n<span style=\"color: #c00000;\"><strong>Fax<\/strong><\/span>: +43 1 2123679 89<br \/>\n<span style=\"color: #c00000;\"><strong>Email<\/strong><\/span>: <a title=\"E-Mail\" href=\"mailto:%6F%66%66%69%63%65%40%72%61%69%6C%65%78%70%65%72%74%63%6F%6E%73%75%6C%74%2E%63%6F%6D \">Klicken, um eine Email an Rail Expert Consult zu erstellen<\/a><\/p>\n<p>Mitglied der WK\u00d6, Fachverband Ingenieurb\u00fcros<\/p>\n<p>Berufsrecht\/Gewerbeordnung: Ingenieurb\u00fcros (Beratende Ingenieure), <a href=\"https:\/\/www.ris.bka.gv.at\/Dokumente\/Bundesnormen\/NOR40194287\/NOR40194287.html\">Gewerbeordnung 1994 \u00a7 134<\/a><\/p>\n<p>Verbraucher haben die M\u00f6glichkeit, Beschwerden an die Online-Streitbeilegungsplattform der EU zu richten: <a href=\"http:\/\/ec.europa.eu\/odr\">ec.europa.eu\/odr<\/a>.<br \/>\nSie k\u00f6nnen allf\u00e4llige Beschwerde auch per E-Mail richten.<\/p>\n","protected":false},"excerpt":{"rendered":"<p>RAIL Expert Consult GmbH Eingetragene Firmengegenst\u00e4nde: Ingenieurb\u00fcro f\u00fcr Verkehrstechnologien\/Transportsteuerungssysteme EDV-Dienstleistungen Handelsagent UID-Nummer: ATU67820904 FN: 394225 v FB-Gericht: Handelsgericht Wien Gesch\u00e4ftsf\u00fchrender Gesellschafter: DI (FH) Erich Gr\u00fcnberger. Firmensitz: Praterstrasse 25\/27, 1020 Wien. Telefon: +43 1 2123679 10 Fax: +43 1 2123679 89 Email: Klicken, um eine Email an Rail Expert Consult zu erstellen Mitglied der WK\u00d6, Fachverband Ingenieurb\u00fcros Berufsrecht\/Gewerbeordnung: Ingenieurb\u00fcros (Beratende Ingenieure),&#8230; <a href=\"https:\/\/railexpertconsult.com\/?page_id=218\">weiterlesen &raquo;<\/a><\/p>\n","protected":false},"author":1,"featured_media":0,"parent":0,"menu_order":0,"comment_status":"closed","ping_status":"closed","template":"","meta":{"ub_ctt_via":"","footnotes":""},"class_list":["post-218","page","type-page","status-publish","hentry"],"featured_image_src":null,"_links":{"self":[{"href":"https:\/\/railexpertconsult.com\/index.php?rest_route=\/wp\/v2\/pages\/218","targetHints":{"allow":["GET"]}}],"collection":[{"href":"https:\/\/railexpertconsult.com\/index.php?rest_route=\/wp\/v2\/pages"}],"about":[{"href":"https:\/\/railexpertconsult.com\/index.php?rest_route=\/wp\/v2\/types\/page"}],"author":[{"embeddable":true,"href":"https:\/\/railexpertconsult.com\/index.php?rest_route=\/wp\/v2\/users\/1"}],"replies":[{"embeddable":true,"href":"https:\/\/railexpertconsult.com\/index.php?rest_route=%2Fwp%2Fv2%2Fcomments&post=218"}],"version-history":[{"count":0,"href":"https:\/\/railexpertconsult.com\/index.php?rest_route=\/wp\/v2\/pages\/218\/revisions"}],"wp:attachment":[{"href":"https:\/\/railexpertconsult.com\/index.php?rest_route=%2Fwp%2Fv2%2Fmedia&parent=218"}],"curies":[{"name":"wp","href":"https:\/\/api.w.org\/{rel}","templated":true}]}}