{"id":46,"date":"2015-10-12T10:40:20","date_gmt":"2015-10-12T08:40:20","guid":{"rendered":"http:\/\/www.mobimera.at\/sandboxREC\/?page_id=46"},"modified":"2015-10-12T10:40:20","modified_gmt":"2015-10-12T08:40:20","slug":"projekte","status":"publish","type":"page","link":"https:\/\/railexpertconsult.com\/?page_id=46","title":{"rendered":"Projekte"},"content":{"rendered":"<p style=\"text-align: left;\">Zu den bisherigen Kunden z\u00e4hlen Eisenbahninfrastrukturbetreiber (z.B. <a href=\"http:\/\/www.sbb.ch\" target=\"_blank\" rel=\"noopener\">SBB<\/a>, <a href=\"http:\/\/www.networkrail.co.uk\" target=\"_blank\" rel=\"noopener\">Network Rail<\/a>), Industrieunternehmen (z.B. <a href=\"https:\/\/www.thalesgroup.com\/de\/schweiz\/produkte-und-projekte\/transportation\" target=\"_blank\" rel=\"noopener\">Thales Rail Signalling Solutions AG<\/a>) und \u00f6ffentliche Institutionen (z.B. Rail Safety Regulator (RSR)). Referenzprojekte liegen in den angef\u00fchrten Fachgebieten und beinhalten zentrale Rollen im Projektmanagement, im Anforderungsmanagement und in der Projektierung. Auch begleitende Rollen in Projekten werden wahrgenommen, wie z.B. im Bereich Qualit\u00e4tssicherung oder Tests.<\/p>\n<p style=\"text-align: left;\"><strong><span style=\"color: #c00000;\">PROJEKT <\/span><\/strong><strong><span style=\"color: #c00000;\"><em><span style=\"color: #333333;\">Auszug<\/span><\/em><\/span><\/strong><\/p>\n<p style=\"text-align: left;\"><strong>Verifikation ETCS Funktionalit\u00e4t<br \/>\n<\/strong>Konzeptuelle Verifikation von Spezifikationen betreffend ETCS auf Seiten eines Infrastrukturbetreibers. Aufgaben in diesem Bereich: Projektmanagement und Durchf\u00fchrung Verifikation.<\/p>\n<p style=\"text-align: left;\"><strong>Implementierung Safety Management System<br \/>\n<\/strong>Strategische Beratung f\u00fcr die Entwicklung und Implementierung eines Safety Management Systems.<\/p>\n<p style=\"text-align: left;\"><strong>Stellwerksschnittstellen<\/strong><br \/>\nEntwicklung von elektronischen Stellwerksschnittstellen und Migration von relaisbasierten zu elektronischen Stellwerksschnittstellen. Aufgaben in diesem Bereich: Projektmanagement, Spezifikation und Nachweisf\u00fchrung (inkl. Gutachtert\u00e4tigkeit).<\/p>\n<p><strong>GSM-Nothalt mit GSM-R<br \/>\n<\/strong>Entwicklung einer Nothalt Funktionalit\u00e4t f\u00fcr T\u00e4tigkeiten im Gleisbereich unter Verwendung von bestehenden Kommunikationssystemen (GSM-R). Aufgaben in diesem Bereich: Projektmanagement, Spezifikation, Risk-Management, Testdurchf\u00fchrung und Engineering.<\/p>\n<p style=\"text-align: left;\"><strong>SCWS Einf\u00fchrung<\/strong><br \/>\nStrategische, betriebliche, funktionale und technische Beratung bei der Einf\u00fchrung von stellwerksgebundenen Rottenwarnsystemen (Signal Controlled Warning Systems (SCWS)) .<\/p>\n","protected":false},"excerpt":{"rendered":"<p>Zu den bisherigen Kunden z\u00e4hlen Eisenbahninfrastrukturbetreiber (z.B. SBB, Network Rail), Industrieunternehmen (z.B. Thales Rail Signalling Solutions AG) und \u00f6ffentliche Institutionen (z.B. Rail Safety Regulator (RSR)). Referenzprojekte liegen in den angef\u00fchrten Fachgebieten und beinhalten zentrale Rollen im Projektmanagement, im Anforderungsmanagement und in der Projektierung. Auch begleitende Rollen in Projekten werden wahrgenommen, wie z.B. im Bereich Qualit\u00e4tssicherung oder Tests. PROJEKT Auszug Verifikation&#8230; <a href=\"https:\/\/railexpertconsult.com\/?page_id=46\">weiterlesen &raquo;<\/a><\/p>\n","protected":false},"author":1,"featured_media":0,"parent":0,"menu_order":0,"comment_status":"closed","ping_status":"closed","template":"","meta":{"ub_ctt_via":"","footnotes":""},"class_list":["post-46","page","type-page","status-publish","hentry"],"featured_image_src":null,"_links":{"self":[{"href":"https:\/\/railexpertconsult.com\/index.php?rest_route=\/wp\/v2\/pages\/46","targetHints":{"allow":["GET"]}}],"collection":[{"href":"https:\/\/railexpertconsult.com\/index.php?rest_route=\/wp\/v2\/pages"}],"about":[{"href":"https:\/\/railexpertconsult.com\/index.php?rest_route=\/wp\/v2\/types\/page"}],"author":[{"embeddable":true,"href":"https:\/\/railexpertconsult.com\/index.php?rest_route=\/wp\/v2\/users\/1"}],"replies":[{"embeddable":true,"href":"https:\/\/railexpertconsult.com\/index.php?rest_route=%2Fwp%2Fv2%2Fcomments&post=46"}],"version-history":[{"count":0,"href":"https:\/\/railexpertconsult.com\/index.php?rest_route=\/wp\/v2\/pages\/46\/revisions"}],"wp:attachment":[{"href":"https:\/\/railexpertconsult.com\/index.php?rest_route=%2Fwp%2Fv2%2Fmedia&parent=46"}],"curies":[{"name":"wp","href":"https:\/\/api.w.org\/{rel}","templated":true}]}}