{"id":720,"date":"2016-04-15T10:42:17","date_gmt":"2016-04-15T08:42:17","guid":{"rendered":"http:\/\/www.railexpertconsult.com\/?page_id=720"},"modified":"2016-04-15T10:42:17","modified_gmt":"2016-04-15T08:42:17","slug":"please-translate-in-en_gb-operations","status":"publish","type":"page","link":"https:\/\/railexpertconsult.com\/?page_id=720","title":{"rendered":"Betrieb"},"content":{"rendered":"<p style=\"padding-left: 18px;\"><strong>Betrieb<\/strong><\/p>\n<ul>\n<li>Betriebsf\u00fchrungssysteme<\/li>\n<li>Erstellung und Optimierung von betrieblichen Prozessen<\/li>\n<li>Erstellung und Adaptierung von Regelwerken<\/li>\n<li>Durchf\u00fchrung von Risikobetrachtungen zu allen Fachgebieten<\/li>\n<li>Erstellung von Risikoanalysen in allen Fachgebieten<\/li>\n<li>Durchf\u00fchrung von Unfalluntersuchungen- und analysen<\/li>\n<\/ul>\n<p><img loading=\"lazy\" decoding=\"async\" class=\"alignnone wp-image-627 size-full\" src=\"https:\/\/railexpertconsult.com\/wp-content\/uploads\/2015\/10\/betrieb_300_shutterstock_centre_217841458.jpg\" alt=\"Betrieb Eisenbahn Rail Expert Consult GmbH\" width=\"1100\" height=\"300\" srcset=\"https:\/\/railexpertconsult.com\/wp-content\/uploads\/2015\/10\/betrieb_300_shutterstock_centre_217841458.jpg 1100w, https:\/\/railexpertconsult.com\/wp-content\/uploads\/2015\/10\/betrieb_300_shutterstock_centre_217841458-300x82.jpg 300w, https:\/\/railexpertconsult.com\/wp-content\/uploads\/2015\/10\/betrieb_300_shutterstock_centre_217841458-1024x279.jpg 1024w, https:\/\/railexpertconsult.com\/wp-content\/uploads\/2015\/10\/betrieb_300_shutterstock_centre_217841458-768x209.jpg 768w, https:\/\/railexpertconsult.com\/wp-content\/uploads\/2015\/10\/betrieb_300_shutterstock_centre_217841458-624x170.jpg 624w\" sizes=\"auto, (max-width: 1100px) 100vw, 1100px\" \/><\/p>\n","protected":false},"excerpt":{"rendered":"<p>Betrieb Betriebsf\u00fchrungssysteme Erstellung und Optimierung von betrieblichen Prozessen Erstellung und Adaptierung von Regelwerken Durchf\u00fchrung von Risikobetrachtungen zu allen Fachgebieten Erstellung von Risikoanalysen in allen Fachgebieten Durchf\u00fchrung von Unfalluntersuchungen- und analysen<\/p>\n","protected":false},"author":1,"featured_media":0,"parent":0,"menu_order":0,"comment_status":"closed","ping_status":"closed","template":"","meta":{"ub_ctt_via":"","footnotes":""},"class_list":["post-720","page","type-page","status-publish","hentry"],"featured_image_src":null,"_links":{"self":[{"href":"https:\/\/railexpertconsult.com\/index.php?rest_route=\/wp\/v2\/pages\/720","targetHints":{"allow":["GET"]}}],"collection":[{"href":"https:\/\/railexpertconsult.com\/index.php?rest_route=\/wp\/v2\/pages"}],"about":[{"href":"https:\/\/railexpertconsult.com\/index.php?rest_route=\/wp\/v2\/types\/page"}],"author":[{"embeddable":true,"href":"https:\/\/railexpertconsult.com\/index.php?rest_route=\/wp\/v2\/users\/1"}],"replies":[{"embeddable":true,"href":"https:\/\/railexpertconsult.com\/index.php?rest_route=%2Fwp%2Fv2%2Fcomments&post=720"}],"version-history":[{"count":0,"href":"https:\/\/railexpertconsult.com\/index.php?rest_route=\/wp\/v2\/pages\/720\/revisions"}],"wp:attachment":[{"href":"https:\/\/railexpertconsult.com\/index.php?rest_route=%2Fwp%2Fv2%2Fmedia&parent=720"}],"curies":[{"name":"wp","href":"https:\/\/api.w.org\/{rel}","templated":true}]}}