{"id":756,"date":"2016-04-15T12:41:50","date_gmt":"2016-04-15T10:41:50","guid":{"rendered":"http:\/\/www.railexpertconsult.com\/?page_id=756"},"modified":"2016-04-15T12:41:50","modified_gmt":"2016-04-15T10:41:50","slug":"uuber-uns","status":"publish","type":"page","link":"https:\/\/railexpertconsult.com\/?page_id=756","title":{"rendered":"\u00dcber uns"},"content":{"rendered":"<p style=\"text-align: justify;\"><strong><span style=\"color: #c00000;\">RAIL <\/span><em>Expert Consult GmbH <\/em><\/strong> wurde als Ingenieurb\u00fcro (Beratende Ingenieure) gegr\u00fcndet, um die Expertise mehrerer Spezialisten im Eisenbahnwesen zu b\u00fcndeln und national und international t\u00e4tig zu sein.<br \/>Der Gesch\u00e4ftsf\u00fchrer Erich Gr\u00fcnberger hat langj\u00e4hrige Erfahrung im betrieblichen, betrieblich-technischen und technischen Bereich des Eisenbahnwesens. Nach T\u00e4tigkeit bei der \u00d6sterreichischen Bundesbahn (\u00d6BB) von 1990 bis 2012 in den Bereichen Betriebsf\u00fchrung und Leit- und Sicherungstechnik gr\u00fcndete er Rail Expert Consult.<\/p>\n<p style=\"text-align: justify;\"><strong><span style=\"color: #c00000;\">RAIL <\/span><em>Expert Consult GmbH<\/em><\/strong> ist von Wien aus national und international t\u00e4tig. Das Team von Experten hat vielseitige Erfahrung im Eisenbahnwesen und bietet Dienstleistungen in mehreren Fachgebieten.<br \/>Wir haben uns zum Ziel gesetzt, unsere Kunden bei der Schaffung und Entwicklung von intelligenten, effizienten und sicheren Schieneninfrastruktursystemen und Schienenfahrzeugen bestm\u00f6glich mit ma\u00dfgeschneiderten L\u00f6sungen zu unterst\u00fctzten.<\/p>\n<p style=\"text-align: justify;\">Wir sind starke Pers\u00f6nlichkeiten mit einer Schw\u00e4che zur Perfektion. Wir entwickeln ma\u00dfgeschneiderte L\u00f6sungen und sind zentraler Ansprechpartner bei der Entwicklung, der Umsetzung und dem Betrieb von Systemen und Prozessen im Eisenbahnwesen.<\/p>\n<h1>Unternehmenspolitik<\/h1>\n<h2>Vision<\/h2>\n<p style=\"text-align: justify;\">Als Anbieter von technischen und betrieblichen L\u00f6sungen f\u00fcr effiziente und sichere Systeme im Eisenbahnwesen und bei verkehrstechnologischen Entwicklungen aller Art ist die Unternehmensgruppe Rail Expert Consult \u00f6sterreichweit bereits f\u00fchrender Dienstleister.<\/p>\n<p style=\"text-align: justify;\">Das Ziel der Unternehmensgruppe Rail Expert Consult ist es, in den kommenden 10 Jahren, zu einem der weltweiten Marktf\u00fchrer in diesem Marktsegment zu werden und als <span class=\"st\">\u201e<\/span>Nummer 1-Partner<span class=\"st\">\u201c<\/span> f\u00fcr Unternehmen im Verkehrswesen zu gelten.<\/p>\n<h2>Mission<\/h2>\n<p style=\"text-align: justify;\">Die Mission der Unternehmensgruppe Rail Expert Consult ist es, unsere Kunden bei der Schaffung und Entwicklung von intelligenten, effizienten und sicheren Systemen im Eisenbahnwesen und bei verkehrstechnologischen Entwicklungen aller Art bestm\u00f6glich mit ma\u00dfgeschneiderten L\u00f6sungen zu unterst\u00fctzen.<\/p>\n<h2>Leitbild<\/h2>\n<p style=\"text-align: justify;\">Unsere Professionalit\u00e4t und \u00fcberragende Fachkompetenz in all unseren qualitativ hochwertigen Dienstleistungen sorgen f\u00fcr eine Entlastung unserer Kunden und f\u00f6rdern damit ihren Erfolg. Durch unser gelebtes Leitbild in allen Hierarchieebenen gew\u00e4hrleisten unsere \u00fcberaus motivierten Mitarbeiter\/innen jeden Tag effiziente L\u00f6sungen und Ergebnisse. Bei jeder T\u00e4tigkeit ist ein nachhaltiger und ein umweltfreundlicher Umgang mit den Ressourcen in unserem Fokus.<\/p>\n<p>\u00a0<\/p>\n<p><img loading=\"lazy\" decoding=\"async\" class=\"alignnone size-full wp-image-1206\" src=\"https:\/\/railexpertconsult.com\/wp-content\/uploads\/2019\/05\/REC_Leitbild_Aushanggraphik_mit_Vision_1.0.3.png\" alt=\"\" width=\"2080\" height=\"895\" srcset=\"https:\/\/railexpertconsult.com\/wp-content\/uploads\/2019\/05\/REC_Leitbild_Aushanggraphik_mit_Vision_1.0.3.png 2080w, https:\/\/railexpertconsult.com\/wp-content\/uploads\/2019\/05\/REC_Leitbild_Aushanggraphik_mit_Vision_1.0.3-300x129.png 300w, https:\/\/railexpertconsult.com\/wp-content\/uploads\/2019\/05\/REC_Leitbild_Aushanggraphik_mit_Vision_1.0.3-1024x441.png 1024w, https:\/\/railexpertconsult.com\/wp-content\/uploads\/2019\/05\/REC_Leitbild_Aushanggraphik_mit_Vision_1.0.3-768x330.png 768w, https:\/\/railexpertconsult.com\/wp-content\/uploads\/2019\/05\/REC_Leitbild_Aushanggraphik_mit_Vision_1.0.3-1536x661.png 1536w, https:\/\/railexpertconsult.com\/wp-content\/uploads\/2019\/05\/REC_Leitbild_Aushanggraphik_mit_Vision_1.0.3-2048x881.png 2048w, https:\/\/railexpertconsult.com\/wp-content\/uploads\/2019\/05\/REC_Leitbild_Aushanggraphik_mit_Vision_1.0.3-624x269.png 624w\" sizes=\"auto, (max-width: 2080px) 100vw, 2080px\" \/><\/p>\n\n\n<p>Rail Expert Consult setzt sich f\u00fcr eine sozial, \u00f6konomisch und \u00f6kologisch nachhaltige Unternehmensf\u00fchrung ein und f\u00f6rdert das umweltbewusste Verhalten seiner Mitarbeiter sowie entwickelt und implementiert innovative, ressourcen- und umweltschonende verkehrstechnologische L\u00f6sungen, um einen Beitrag zum Schutz der Umwelt und Gesellschaft zu leisten.&nbsp;<\/p>\n","protected":false},"excerpt":{"rendered":"<p>RAIL Expert Consult GmbH wurde als Ingenieurb\u00fcro (Beratende Ingenieure) gegr\u00fcndet, um die Expertise mehrerer Spezialisten im Eisenbahnwesen zu b\u00fcndeln und national und international t\u00e4tig zu sein.Der Gesch\u00e4ftsf\u00fchrer Erich Gr\u00fcnberger hat langj\u00e4hrige Erfahrung im betrieblichen, betrieblich-technischen und technischen Bereich des Eisenbahnwesens. Nach T\u00e4tigkeit bei der \u00d6sterreichischen Bundesbahn (\u00d6BB) von 1990 bis 2012 in den Bereichen Betriebsf\u00fchrung und Leit- und Sicherungstechnik gr\u00fcndete&#8230; <a href=\"https:\/\/railexpertconsult.com\/?page_id=756\">weiterlesen &raquo;<\/a><\/p>\n","protected":false},"author":1,"featured_media":0,"parent":0,"menu_order":0,"comment_status":"closed","ping_status":"closed","template":"","meta":{"ub_ctt_via":"","footnotes":""},"class_list":["post-756","page","type-page","status-publish","hentry"],"featured_image_src":null,"_links":{"self":[{"href":"https:\/\/railexpertconsult.com\/index.php?rest_route=\/wp\/v2\/pages\/756","targetHints":{"allow":["GET"]}}],"collection":[{"href":"https:\/\/railexpertconsult.com\/index.php?rest_route=\/wp\/v2\/pages"}],"about":[{"href":"https:\/\/railexpertconsult.com\/index.php?rest_route=\/wp\/v2\/types\/page"}],"author":[{"embeddable":true,"href":"https:\/\/railexpertconsult.com\/index.php?rest_route=\/wp\/v2\/users\/1"}],"replies":[{"embeddable":true,"href":"https:\/\/railexpertconsult.com\/index.php?rest_route=%2Fwp%2Fv2%2Fcomments&post=756"}],"version-history":[{"count":0,"href":"https:\/\/railexpertconsult.com\/index.php?rest_route=\/wp\/v2\/pages\/756\/revisions"}],"wp:attachment":[{"href":"https:\/\/railexpertconsult.com\/index.php?rest_route=%2Fwp%2Fv2%2Fmedia&parent=756"}],"curies":[{"name":"wp","href":"https:\/\/api.w.org\/{rel}","templated":true}]}}