{"id":907,"date":"2017-11-23T18:57:58","date_gmt":"2017-11-23T17:57:58","guid":{"rendered":"http:\/\/www.railexpertconsult.com\/?page_id=907"},"modified":"2017-11-23T18:57:58","modified_gmt":"2017-11-23T17:57:58","slug":"907-2","status":"publish","type":"page","link":"https:\/\/railexpertconsult.com\/?page_id=907&lang=fr","title":{"rendered":"Qui sommes-nous ?"},"content":{"rendered":"<p><strong><span style=\"color: #c00000;\">RAIL<\/span><em> Expert Consult GmbH<\/em><\/strong> est un bureau d\u2019\u00e9tudes con\u00e7u dans une convergence experte de plusieurs sp\u00e9cialistes, ing\u00e9nieurs-conseils, du monde ferroviaire, de port\u00e9e nationale et internationale.<\/p>\n<p>Le PDG Erich Gr\u00fcnberger a exerc\u00e9 de 1990 \u00e0 2012 dans la gestion d\u2019entreprise et l\u2019ing\u00e9nierie des signalisations aupr\u00e8s des chemins de fer f\u00e9d\u00e9raux autrichiens (\u00d6sterreichische Bundesbahnen, \u00d6BB). Fort d\u2019une longue exp\u00e9rience dans les domaines op\u00e9rationnels, technico-op\u00e9rationnels, et techniques, il est le fondateur de Rail Expert Consult.<\/p>\n<p><strong><span style=\"color: #c00000;\">RAIL<\/span><em> Expert Consult GmbH<\/em><\/strong> est bas\u00e9 \u00e0 Vienne. Son rayonnement va du national vers l\u2019international. L\u2019\u00e9quipe d\u2019experts poss\u00e8de une vaste exp\u00e9rience de la sph\u00e8re du rail, et propose ses services dans toutes les sp\u00e9cialit\u00e9s.<\/p>\n<p>L\u2019objectif fix\u00e9 est d\u2019accompagner nos clients au plus pr\u00e8s, dans la cr\u00e9ation et le d\u00e9veloppement de syst\u00e8mes d\u2019infrastructure ferroviaire et de v\u00e9hicules intelligents, efficaces, et s\u00fbrs, gr\u00e2ce \u00e0 des solutions sur mesure.<\/p>\n<p><strong>\u00ab\u00a0Nous sommes de fortes personnalit\u00e9s avec une faiblesse pour la perfection\u00a0!\u00a0\u00bb<\/strong><br \/>\nNous d\u00e9veloppons des solutions sur mesure et sommes l&#8217;interlocuteur central lors du d\u00e9veloppement, de la r\u00e9alisation, ainsi que du fonctionnement de syst\u00e8mes et processus ferroviaires.<\/p>\n","protected":false},"excerpt":{"rendered":"<p>RAIL Expert Consult GmbH est un bureau d\u2019\u00e9tudes con\u00e7u dans une convergence experte de plusieurs sp\u00e9cialistes, ing\u00e9nieurs-conseils, du monde ferroviaire, de port\u00e9e nationale et internationale. Le PDG Erich Gr\u00fcnberger a exerc\u00e9 de 1990 \u00e0 2012 dans la gestion d\u2019entreprise et l\u2019ing\u00e9nierie des signalisations aupr\u00e8s des chemins de fer f\u00e9d\u00e9raux autrichiens (\u00d6sterreichische Bundesbahnen, \u00d6BB). Fort d\u2019une longue exp\u00e9rience dans les domaines&#8230; <a href=\"https:\/\/railexpertconsult.com\/?page_id=907&#038;lang=fr\">weiterlesen &raquo;<\/a><\/p>\n","protected":false},"author":1,"featured_media":0,"parent":0,"menu_order":0,"comment_status":"closed","ping_status":"closed","template":"","meta":{"ub_ctt_via":"","footnotes":""},"class_list":["post-907","page","type-page","status-publish","hentry"],"featured_image_src":null,"_links":{"self":[{"href":"https:\/\/railexpertconsult.com\/index.php?rest_route=\/wp\/v2\/pages\/907","targetHints":{"allow":["GET"]}}],"collection":[{"href":"https:\/\/railexpertconsult.com\/index.php?rest_route=\/wp\/v2\/pages"}],"about":[{"href":"https:\/\/railexpertconsult.com\/index.php?rest_route=\/wp\/v2\/types\/page"}],"author":[{"embeddable":true,"href":"https:\/\/railexpertconsult.com\/index.php?rest_route=\/wp\/v2\/users\/1"}],"replies":[{"embeddable":true,"href":"https:\/\/railexpertconsult.com\/index.php?rest_route=%2Fwp%2Fv2%2Fcomments&post=907"}],"version-history":[{"count":0,"href":"https:\/\/railexpertconsult.com\/index.php?rest_route=\/wp\/v2\/pages\/907\/revisions"}],"wp:attachment":[{"href":"https:\/\/railexpertconsult.com\/index.php?rest_route=%2Fwp%2Fv2%2Fmedia&parent=907"}],"curies":[{"name":"wp","href":"https:\/\/api.w.org\/{rel}","templated":true}]}}