{"id":914,"date":"2017-11-23T19:18:16","date_gmt":"2017-11-23T18:18:16","guid":{"rendered":"http:\/\/www.railexpertconsult.com\/?page_id=914"},"modified":"2017-11-23T19:18:16","modified_gmt":"2017-11-23T18:18:16","slug":"impressum-fr","status":"publish","type":"page","link":"https:\/\/railexpertconsult.com\/?page_id=914&lang=fr","title":{"rendered":"Impressum FR"},"content":{"rendered":"<p><strong><span style=\"color: #c00000;\">RAIL <\/span><em>Expert Consult GmbH<\/em><\/strong><\/p>\n<p>Eingetragene Firmengegenst\u00e4nde:<\/p>\n<ul>\n<li>Ingenieurb\u00fcro f\u00fcr Verkehrstechnologien\/Transportsteuerungssysteme (ing\u00e9nierie civile des transports)<\/li>\n<li>EDV-Dienstleistungen (traitement de donn\u00e9es informatiques)<\/li>\n<li>Handelsagent (agent commercial)<\/li>\n<\/ul>\n<p>Pr\u00e9sident-directeur g\u00e9n\u00e9ral et soci\u00e9taire : DI (FH) Erich Gr\u00fcnberger.<br \/>\nSi\u00e8ge social : Praterstrasse 25\/27, 1020 Wien.<\/p>\n<p><span style=\"color: #c00000;\"><strong>E-mail<\/strong><\/span><strong> :<\/strong> <a title=\"E-Mail\" href=\"mailto:%6F%66%66%69%63%65%40%72%61%69%6C%65%78%70%65%72%74%63%6F%6E%73%75%6C%74%2E%63%6F%6D \">Cliquer pour envoyer un e-mail \u00e0 Rail Expert Consult<\/a><\/p>\n<p><span style=\"color: #c00000;\"><strong>UID<\/strong><\/span>-Nummer:\u00a0ATU67820904<br \/>\n<span style=\"color: #c00000;\"><strong>FN<\/strong><\/span><strong>:<\/strong> 394225 v<br \/>\nHandelsgericht Wien<\/p>\n","protected":false},"excerpt":{"rendered":"<p>RAIL Expert Consult GmbH Eingetragene Firmengegenst\u00e4nde: Ingenieurb\u00fcro f\u00fcr Verkehrstechnologien\/Transportsteuerungssysteme (ing\u00e9nierie civile des transports) EDV-Dienstleistungen (traitement de donn\u00e9es informatiques) Handelsagent (agent commercial) Pr\u00e9sident-directeur g\u00e9n\u00e9ral et soci\u00e9taire : DI (FH) Erich Gr\u00fcnberger. Si\u00e8ge social : Praterstrasse 25\/27, 1020 Wien. E-mail : Cliquer pour envoyer un e-mail \u00e0 Rail Expert Consult UID-Nummer:\u00a0ATU67820904 FN: 394225 v Handelsgericht Wien<\/p>\n","protected":false},"author":1,"featured_media":0,"parent":0,"menu_order":0,"comment_status":"closed","ping_status":"closed","template":"","meta":{"ub_ctt_via":"","footnotes":""},"class_list":["post-914","page","type-page","status-publish","hentry"],"featured_image_src":null,"_links":{"self":[{"href":"https:\/\/railexpertconsult.com\/index.php?rest_route=\/wp\/v2\/pages\/914","targetHints":{"allow":["GET"]}}],"collection":[{"href":"https:\/\/railexpertconsult.com\/index.php?rest_route=\/wp\/v2\/pages"}],"about":[{"href":"https:\/\/railexpertconsult.com\/index.php?rest_route=\/wp\/v2\/types\/page"}],"author":[{"embeddable":true,"href":"https:\/\/railexpertconsult.com\/index.php?rest_route=\/wp\/v2\/users\/1"}],"replies":[{"embeddable":true,"href":"https:\/\/railexpertconsult.com\/index.php?rest_route=%2Fwp%2Fv2%2Fcomments&post=914"}],"version-history":[{"count":0,"href":"https:\/\/railexpertconsult.com\/index.php?rest_route=\/wp\/v2\/pages\/914\/revisions"}],"wp:attachment":[{"href":"https:\/\/railexpertconsult.com\/index.php?rest_route=%2Fwp%2Fv2%2Fmedia&parent=914"}],"curies":[{"name":"wp","href":"https:\/\/api.w.org\/{rel}","templated":true}]}}