{"id":923,"date":"2017-11-24T14:02:06","date_gmt":"2017-11-24T13:02:06","guid":{"rendered":"http:\/\/www.railexpertconsult.com\/?page_id=923"},"modified":"2017-11-24T14:02:06","modified_gmt":"2017-11-24T13:02:06","slug":"prestations","status":"publish","type":"page","link":"https:\/\/railexpertconsult.com\/?page_id=923&lang=fr","title":{"rendered":"Prestations"},"content":{"rendered":"<p>Prestataire de services pour les gestionnaires d&#8217;infrastructure ferroviaire, les exploitants, les institutions, tant publiques que priv\u00e9es, ainsi que les industriels, nous pilotons des projets strat\u00e9giques, op\u00e9rationnels, et techniques.<\/p>\n<p><strong><span style=\"color: #c00000;\">RAIL<\/span><em> Expert Consult GmbH<\/em><\/strong> offre un accompagnement strat\u00e9gique et soutenu dans les domaines d&#8217;activit\u00e9s suivants :<\/p>\n<p><img loading=\"lazy\" decoding=\"async\" src=\"https:\/\/railexpertconsult.com\/wp-content\/uploads\/2017\/12\/REC_Leistungen_FR.png\" alt=\"\" width=\"2080\" height=\"411\" class=\"alignnone size-full wp-image-1004\" srcset=\"https:\/\/railexpertconsult.com\/wp-content\/uploads\/2017\/12\/REC_Leistungen_FR.png 2080w, https:\/\/railexpertconsult.com\/wp-content\/uploads\/2017\/12\/REC_Leistungen_FR-300x59.png 300w, https:\/\/railexpertconsult.com\/wp-content\/uploads\/2017\/12\/REC_Leistungen_FR-1024x202.png 1024w, https:\/\/railexpertconsult.com\/wp-content\/uploads\/2017\/12\/REC_Leistungen_FR-768x152.png 768w, https:\/\/railexpertconsult.com\/wp-content\/uploads\/2017\/12\/REC_Leistungen_FR-1536x304.png 1536w, https:\/\/railexpertconsult.com\/wp-content\/uploads\/2017\/12\/REC_Leistungen_FR-2048x405.png 2048w, https:\/\/railexpertconsult.com\/wp-content\/uploads\/2017\/12\/REC_Leistungen_FR-624x123.png 624w\" sizes=\"auto, (max-width: 2080px) 100vw, 2080px\" \/><\/p>\n<p>Notre activit\u00e9 englobe les prestations suivantes  :<\/p>\n<ul>\n<li>Gestion de projet<\/li>\n<li>Conseils strat\u00e9giques, op\u00e9rationnels, et techniques<\/li>\n<li>Accompagnement pendant les processus de d\u00e9veloppement<\/li>\n<li>Ing\u00e9nierie<\/li>\n<li>Certification et expertise en conformit\u00e9 aux normes EN50126, EN50128, EN50129, et EN50159<\/li>\n<li>Partenariat dans l&#8217;innovation et la recherche<\/li>\n<li>\u00c9valuation \u00e9conomique des investissements dans l&#8217;infrastructure et d\u00e9veloppement de syst\u00e8mes et processus<\/li>\n<\/ul>\n","protected":false},"excerpt":{"rendered":"<p>Prestataire de services pour les gestionnaires d&#8217;infrastructure ferroviaire, les exploitants, les institutions, tant publiques que priv\u00e9es, ainsi que les industriels, nous pilotons des projets strat\u00e9giques, op\u00e9rationnels, et techniques. RAIL Expert Consult GmbH offre un accompagnement strat\u00e9gique et soutenu dans les domaines d&#8217;activit\u00e9s suivants : Notre activit\u00e9 englobe les prestations suivantes : Gestion de projet Conseils strat\u00e9giques, op\u00e9rationnels, et techniques Accompagnement&#8230; <a href=\"https:\/\/railexpertconsult.com\/?page_id=923&#038;lang=fr\">weiterlesen &raquo;<\/a><\/p>\n","protected":false},"author":1,"featured_media":0,"parent":0,"menu_order":0,"comment_status":"closed","ping_status":"closed","template":"","meta":{"ub_ctt_via":"","footnotes":""},"class_list":["post-923","page","type-page","status-publish","hentry"],"featured_image_src":null,"_links":{"self":[{"href":"https:\/\/railexpertconsult.com\/index.php?rest_route=\/wp\/v2\/pages\/923","targetHints":{"allow":["GET"]}}],"collection":[{"href":"https:\/\/railexpertconsult.com\/index.php?rest_route=\/wp\/v2\/pages"}],"about":[{"href":"https:\/\/railexpertconsult.com\/index.php?rest_route=\/wp\/v2\/types\/page"}],"author":[{"embeddable":true,"href":"https:\/\/railexpertconsult.com\/index.php?rest_route=\/wp\/v2\/users\/1"}],"replies":[{"embeddable":true,"href":"https:\/\/railexpertconsult.com\/index.php?rest_route=%2Fwp%2Fv2%2Fcomments&post=923"}],"version-history":[{"count":0,"href":"https:\/\/railexpertconsult.com\/index.php?rest_route=\/wp\/v2\/pages\/923\/revisions"}],"wp:attachment":[{"href":"https:\/\/railexpertconsult.com\/index.php?rest_route=%2Fwp%2Fv2%2Fmedia&parent=923"}],"curies":[{"name":"wp","href":"https:\/\/api.w.org\/{rel}","templated":true}]}}