{"id":926,"date":"2017-11-24T14:05:26","date_gmt":"2017-11-24T13:05:26","guid":{"rendered":"http:\/\/www.railexpertconsult.com\/?page_id=926"},"modified":"2017-11-24T14:05:26","modified_gmt":"2017-11-24T13:05:26","slug":"specialites","status":"publish","type":"page","link":"https:\/\/railexpertconsult.com\/?page_id=926&lang=fr","title":{"rendered":"Sp\u00e9cialit\u00e9s"},"content":{"rendered":"<p>L&#8217;expertise de <strong><span style=\"color: #c00000;\">RAIL <\/span><em>Expert Consult GmbH<\/em><\/strong> englobe les probl\u00e9matiques op\u00e9rationnelles, technico-op\u00e9rationelles, et techniques du monde ferroviaire.<\/p>\n<p><img loading=\"lazy\" decoding=\"async\" class=\"alignnone wp-image-1392 size-full\" src=\"https:\/\/railexpertconsult.com\/wp-content\/uploads\/2021\/03\/Element-63@4x-1.png\" alt=\"\" width=\"4117\" height=\"783\" srcset=\"https:\/\/railexpertconsult.com\/wp-content\/uploads\/2021\/03\/Element-63@4x-1.png 4117w, https:\/\/railexpertconsult.com\/wp-content\/uploads\/2021\/03\/Element-63@4x-1-300x57.png 300w, https:\/\/railexpertconsult.com\/wp-content\/uploads\/2021\/03\/Element-63@4x-1-1024x195.png 1024w, https:\/\/railexpertconsult.com\/wp-content\/uploads\/2021\/03\/Element-63@4x-1-768x146.png 768w, https:\/\/railexpertconsult.com\/wp-content\/uploads\/2021\/03\/Element-63@4x-1-1536x292.png 1536w, https:\/\/railexpertconsult.com\/wp-content\/uploads\/2021\/03\/Element-63@4x-1-2048x390.png 2048w, https:\/\/railexpertconsult.com\/wp-content\/uploads\/2021\/03\/Element-63@4x-1-624x119.png 624w\" sizes=\"auto, (max-width: 4117px) 100vw, 4117px\" \/><\/p>\n\n\n<p><\/p>\n","protected":false},"excerpt":{"rendered":"<p>L&#8217;expertise de RAIL Expert Consult GmbH englobe les probl\u00e9matiques op\u00e9rationnelles, technico-op\u00e9rationelles, et techniques du monde ferroviaire.<\/p>\n","protected":false},"author":1,"featured_media":0,"parent":0,"menu_order":0,"comment_status":"closed","ping_status":"closed","template":"","meta":{"ub_ctt_via":"","footnotes":""},"class_list":["post-926","page","type-page","status-publish","hentry"],"featured_image_src":null,"_links":{"self":[{"href":"https:\/\/railexpertconsult.com\/index.php?rest_route=\/wp\/v2\/pages\/926","targetHints":{"allow":["GET"]}}],"collection":[{"href":"https:\/\/railexpertconsult.com\/index.php?rest_route=\/wp\/v2\/pages"}],"about":[{"href":"https:\/\/railexpertconsult.com\/index.php?rest_route=\/wp\/v2\/types\/page"}],"author":[{"embeddable":true,"href":"https:\/\/railexpertconsult.com\/index.php?rest_route=\/wp\/v2\/users\/1"}],"replies":[{"embeddable":true,"href":"https:\/\/railexpertconsult.com\/index.php?rest_route=%2Fwp%2Fv2%2Fcomments&post=926"}],"version-history":[{"count":0,"href":"https:\/\/railexpertconsult.com\/index.php?rest_route=\/wp\/v2\/pages\/926\/revisions"}],"wp:attachment":[{"href":"https:\/\/railexpertconsult.com\/index.php?rest_route=%2Fwp%2Fv2%2Fmedia&parent=926"}],"curies":[{"name":"wp","href":"https:\/\/api.w.org\/{rel}","templated":true}]}}