{"id":932,"date":"2017-11-24T15:05:31","date_gmt":"2017-11-24T14:05:31","guid":{"rendered":"http:\/\/www.railexpertconsult.com\/?page_id=932"},"modified":"2017-11-24T15:05:31","modified_gmt":"2017-11-24T14:05:31","slug":"932-2","status":"publish","type":"page","link":"https:\/\/railexpertconsult.com\/?page_id=932&lang=fr","title":{"rendered":"T\u00e9l\u00e9coms et solutions informatiques"},"content":{"rendered":"<div style=\"width: 100%;\">\n<div style=\"float: left; width: 50%;\">\n<p style=\"padding-left: 18px;\"><strong>T\u00e9l\u00e9coms<\/strong><\/p>\n<ul>\n<li>GSM-R<\/li>\n<li>LTE<\/li>\n<li>Contr\u00f4le-commande par satellite<\/li>\n<li>Communication sans fil<\/li>\n<li>Communication filaire<\/li>\n<\/ul><\/div>\n<div style=\"float: left; width: 50%;\">\n<p style=\"padding-left: 18px;\"><strong>Solutions informatiques<\/strong><\/p>\n<ul>\n<li>Syst\u00e8me d&#8217;information pour le transport de passagers et de marchandises<\/li>\n<li>Technologies intelligentes (dans les gares et trains)<\/li>\n<li>Outils d&#8217;\u00e9tude et de conception<\/li>\n<li>Logiciels d&#8217;entreprise<\/li>\n<li>Outils logiciels li\u00e9s \u00e0 la s\u00fbret\u00e9<\/li>\n<\/ul><\/div>\n<\/div>\n<p><img loading=\"lazy\" decoding=\"async\" class=\"alignnone size-full wp-image-639\" src=\"https:\/\/railexpertconsult.com\/wp-content\/uploads\/2015\/10\/ITT_shutterstock_300.jpg\" alt=\"ITT_shutterstock_300\" width=\"1100\" height=\"300\" srcset=\"https:\/\/railexpertconsult.com\/wp-content\/uploads\/2015\/10\/ITT_shutterstock_300.jpg 1100w, https:\/\/railexpertconsult.com\/wp-content\/uploads\/2015\/10\/ITT_shutterstock_300-300x82.jpg 300w, https:\/\/railexpertconsult.com\/wp-content\/uploads\/2015\/10\/ITT_shutterstock_300-1024x279.jpg 1024w, https:\/\/railexpertconsult.com\/wp-content\/uploads\/2015\/10\/ITT_shutterstock_300-768x209.jpg 768w, https:\/\/railexpertconsult.com\/wp-content\/uploads\/2015\/10\/ITT_shutterstock_300-624x170.jpg 624w\" sizes=\"auto, (max-width: 1100px) 100vw, 1100px\" \/><\/p>\n","protected":false},"excerpt":{"rendered":"<p>T\u00e9l\u00e9coms GSM-R LTE Contr\u00f4le-commande par satellite Communication sans fil Communication filaire Solutions informatiques Syst\u00e8me d&#8217;information pour le transport de passagers et de marchandises Technologies intelligentes (dans les gares et trains) Outils d&#8217;\u00e9tude et de conception Logiciels d&#8217;entreprise Outils logiciels li\u00e9s \u00e0 la s\u00fbret\u00e9<\/p>\n","protected":false},"author":1,"featured_media":0,"parent":0,"menu_order":0,"comment_status":"closed","ping_status":"closed","template":"","meta":{"ub_ctt_via":"","footnotes":""},"class_list":["post-932","page","type-page","status-publish","hentry"],"featured_image_src":null,"_links":{"self":[{"href":"https:\/\/railexpertconsult.com\/index.php?rest_route=\/wp\/v2\/pages\/932","targetHints":{"allow":["GET"]}}],"collection":[{"href":"https:\/\/railexpertconsult.com\/index.php?rest_route=\/wp\/v2\/pages"}],"about":[{"href":"https:\/\/railexpertconsult.com\/index.php?rest_route=\/wp\/v2\/types\/page"}],"author":[{"embeddable":true,"href":"https:\/\/railexpertconsult.com\/index.php?rest_route=\/wp\/v2\/users\/1"}],"replies":[{"embeddable":true,"href":"https:\/\/railexpertconsult.com\/index.php?rest_route=%2Fwp%2Fv2%2Fcomments&post=932"}],"version-history":[{"count":0,"href":"https:\/\/railexpertconsult.com\/index.php?rest_route=\/wp\/v2\/pages\/932\/revisions"}],"wp:attachment":[{"href":"https:\/\/railexpertconsult.com\/index.php?rest_route=%2Fwp%2Fv2%2Fmedia&parent=932"}],"curies":[{"name":"wp","href":"https:\/\/api.w.org\/{rel}","templated":true}]}}