{"id":938,"date":"2017-11-24T15:29:31","date_gmt":"2017-11-24T14:29:31","guid":{"rendered":"http:\/\/www.railexpertconsult.com\/?page_id=938"},"modified":"2017-11-24T15:29:31","modified_gmt":"2017-11-24T14:29:31","slug":"exploitation","status":"publish","type":"page","link":"https:\/\/railexpertconsult.com\/?page_id=938&lang=fr","title":{"rendered":"Exploitation"},"content":{"rendered":"<p style=\"padding-left: 18px;\"><strong>Exploitation<\/strong><\/p>\n<ul>\n<li>Syst\u00e8mes de gestion de l&#8217;exploitation<\/li>\n<li>Cr\u00e9ation et optimisation de processus op\u00e9rationnels<\/li>\n<li>Cr\u00e9ation et adaptations d\u2019audits et protocoles<\/li>\n<li>R\u00e9alisation d&#8217;\u00e9tudes de risques dans tous les domaines de sp\u00e9cialit\u00e9<\/li>\n<li>Instruction, investigation, et rapport d\u2019incidents et accidents<\/li>\n<\/ul>\n<p><img loading=\"lazy\" decoding=\"async\" class=\"alignnone wp-image-627 size-full\" src=\"https:\/\/railexpertconsult.com\/wp-content\/uploads\/2015\/10\/betrieb_300_shutterstock_centre_217841458.jpg\" alt=\"Betrieb Eisenbahn Rail Expert Consult GmbH\" width=\"1100\" height=\"300\" srcset=\"https:\/\/railexpertconsult.com\/wp-content\/uploads\/2015\/10\/betrieb_300_shutterstock_centre_217841458.jpg 1100w, https:\/\/railexpertconsult.com\/wp-content\/uploads\/2015\/10\/betrieb_300_shutterstock_centre_217841458-300x82.jpg 300w, https:\/\/railexpertconsult.com\/wp-content\/uploads\/2015\/10\/betrieb_300_shutterstock_centre_217841458-1024x279.jpg 1024w, https:\/\/railexpertconsult.com\/wp-content\/uploads\/2015\/10\/betrieb_300_shutterstock_centre_217841458-768x209.jpg 768w, https:\/\/railexpertconsult.com\/wp-content\/uploads\/2015\/10\/betrieb_300_shutterstock_centre_217841458-624x170.jpg 624w\" sizes=\"auto, (max-width: 1100px) 100vw, 1100px\" \/><\/p>\n","protected":false},"excerpt":{"rendered":"<p>Exploitation Syst\u00e8mes de gestion de l&#8217;exploitation Cr\u00e9ation et optimisation de processus op\u00e9rationnels Cr\u00e9ation et adaptations d\u2019audits et protocoles R\u00e9alisation d&#8217;\u00e9tudes de risques dans tous les domaines de sp\u00e9cialit\u00e9 Instruction, investigation, et rapport d\u2019incidents et accidents<\/p>\n","protected":false},"author":1,"featured_media":0,"parent":0,"menu_order":0,"comment_status":"closed","ping_status":"closed","template":"","meta":{"ub_ctt_via":"","footnotes":""},"class_list":["post-938","page","type-page","status-publish","hentry"],"featured_image_src":null,"_links":{"self":[{"href":"https:\/\/railexpertconsult.com\/index.php?rest_route=\/wp\/v2\/pages\/938","targetHints":{"allow":["GET"]}}],"collection":[{"href":"https:\/\/railexpertconsult.com\/index.php?rest_route=\/wp\/v2\/pages"}],"about":[{"href":"https:\/\/railexpertconsult.com\/index.php?rest_route=\/wp\/v2\/types\/page"}],"author":[{"embeddable":true,"href":"https:\/\/railexpertconsult.com\/index.php?rest_route=\/wp\/v2\/users\/1"}],"replies":[{"embeddable":true,"href":"https:\/\/railexpertconsult.com\/index.php?rest_route=%2Fwp%2Fv2%2Fcomments&post=938"}],"version-history":[{"count":0,"href":"https:\/\/railexpertconsult.com\/index.php?rest_route=\/wp\/v2\/pages\/938\/revisions"}],"wp:attachment":[{"href":"https:\/\/railexpertconsult.com\/index.php?rest_route=%2Fwp%2Fv2%2Fmedia&parent=938"}],"curies":[{"name":"wp","href":"https:\/\/api.w.org\/{rel}","templated":true}]}}