{"id":956,"date":"2017-11-27T14:39:49","date_gmt":"2017-11-27T13:39:49","guid":{"rendered":"http:\/\/www.railexpertconsult.com\/?page_id=956"},"modified":"2017-11-27T14:39:49","modified_gmt":"2017-11-27T13:39:49","slug":"tests-certifications-agrementation","status":"publish","type":"page","link":"https:\/\/railexpertconsult.com\/?page_id=956&lang=fr","title":{"rendered":"Tests \/ Homologation"},"content":{"rendered":"<p style=\"padding-left: 18px;\"><strong>Tests \/ Certifications \/ Homologation<\/strong><\/p>\n<ul>\n<li>\u00c9laboration sp\u00e9cifique et ad\u00e9quation des tests<\/li>\n<li>Ex\u00e9cution et interpr\u00e9tation de tests<\/li>\n<li>Certification d&#8217;interop\u00e9rabilit\u00e9<\/li>\n<li>Expertise<\/li>\n<\/ul>\n<p><img loading=\"lazy\" decoding=\"async\" class=\"alignnone size-full wp-image-611\" src=\"https:\/\/railexpertconsult.com\/wp-content\/uploads\/2015\/10\/testing_300_shutterstock_279475484.jpg\" alt=\"testing_300_shutterstock_279475484\" width=\"1100\" height=\"300\" srcset=\"https:\/\/railexpertconsult.com\/wp-content\/uploads\/2015\/10\/testing_300_shutterstock_279475484.jpg 1100w, https:\/\/railexpertconsult.com\/wp-content\/uploads\/2015\/10\/testing_300_shutterstock_279475484-300x82.jpg 300w, https:\/\/railexpertconsult.com\/wp-content\/uploads\/2015\/10\/testing_300_shutterstock_279475484-1024x279.jpg 1024w, https:\/\/railexpertconsult.com\/wp-content\/uploads\/2015\/10\/testing_300_shutterstock_279475484-768x209.jpg 768w, https:\/\/railexpertconsult.com\/wp-content\/uploads\/2015\/10\/testing_300_shutterstock_279475484-624x170.jpg 624w\" sizes=\"auto, (max-width: 1100px) 100vw, 1100px\" \/><\/p>\n","protected":false},"excerpt":{"rendered":"<p>Tests \/ Certifications \/ Homologation \u00c9laboration sp\u00e9cifique et ad\u00e9quation des tests Ex\u00e9cution et interpr\u00e9tation de tests Certification d&#8217;interop\u00e9rabilit\u00e9 Expertise<\/p>\n","protected":false},"author":1,"featured_media":0,"parent":0,"menu_order":0,"comment_status":"closed","ping_status":"closed","template":"","meta":{"ub_ctt_via":"","footnotes":""},"class_list":["post-956","page","type-page","status-publish","hentry"],"featured_image_src":null,"_links":{"self":[{"href":"https:\/\/railexpertconsult.com\/index.php?rest_route=\/wp\/v2\/pages\/956","targetHints":{"allow":["GET"]}}],"collection":[{"href":"https:\/\/railexpertconsult.com\/index.php?rest_route=\/wp\/v2\/pages"}],"about":[{"href":"https:\/\/railexpertconsult.com\/index.php?rest_route=\/wp\/v2\/types\/page"}],"author":[{"embeddable":true,"href":"https:\/\/railexpertconsult.com\/index.php?rest_route=\/wp\/v2\/users\/1"}],"replies":[{"embeddable":true,"href":"https:\/\/railexpertconsult.com\/index.php?rest_route=%2Fwp%2Fv2%2Fcomments&post=956"}],"version-history":[{"count":0,"href":"https:\/\/railexpertconsult.com\/index.php?rest_route=\/wp\/v2\/pages\/956\/revisions"}],"wp:attachment":[{"href":"https:\/\/railexpertconsult.com\/index.php?rest_route=%2Fwp%2Fv2%2Fmedia&parent=956"}],"curies":[{"name":"wp","href":"https:\/\/api.w.org\/{rel}","templated":true}]}}