{"id":961,"date":"2017-11-27T14:46:35","date_gmt":"2017-11-27T13:46:35","guid":{"rendered":"http:\/\/www.railexpertconsult.com\/?page_id=961"},"modified":"2017-11-27T14:46:35","modified_gmt":"2017-11-27T13:46:35","slug":"formations","status":"publish","type":"page","link":"https:\/\/railexpertconsult.com\/?page_id=961&lang=fr","title":{"rendered":"Formations"},"content":{"rendered":"<p style=\"padding-left: 18px;\"><strong>Formations<\/strong><\/p>\n<ul>\n<li>Enqu\u00eates d\u2019accident et rapports d\u2019enqu\u00eate<\/li>\n<li>Gestion du risque<\/li>\n<li>EN 50126, EN 50128, EN 50129<\/li>\n<li>EN 50159<\/li>\n<li>Gestion de la qualit\u00e9<\/li>\n<li>M\u00e9thode s\u00e9curit\u00e9 commune (MSC)<\/li>\n<li>Syst\u00e8me de gestion de la s\u00e9curit\u00e9<\/li>\n<\/ul>\n<p><img loading=\"lazy\" decoding=\"async\" class=\"alignnone size-full wp-image-619\" src=\"https:\/\/railexpertconsult.com\/wp-content\/uploads\/2015\/10\/training_300_shutterstock_219413008.jpg\" alt=\"training_300_shutterstock_219413008\" width=\"1100\" height=\"320\" srcset=\"https:\/\/railexpertconsult.com\/wp-content\/uploads\/2015\/10\/training_300_shutterstock_219413008.jpg 1100w, https:\/\/railexpertconsult.com\/wp-content\/uploads\/2015\/10\/training_300_shutterstock_219413008-300x87.jpg 300w, https:\/\/railexpertconsult.com\/wp-content\/uploads\/2015\/10\/training_300_shutterstock_219413008-1024x298.jpg 1024w, https:\/\/railexpertconsult.com\/wp-content\/uploads\/2015\/10\/training_300_shutterstock_219413008-768x223.jpg 768w, https:\/\/railexpertconsult.com\/wp-content\/uploads\/2015\/10\/training_300_shutterstock_219413008-624x182.jpg 624w\" sizes=\"auto, (max-width: 1100px) 100vw, 1100px\" \/><\/p>\n","protected":false},"excerpt":{"rendered":"<p>Formations Enqu\u00eates d\u2019accident et rapports d\u2019enqu\u00eate Gestion du risque EN 50126, EN 50128, EN 50129 EN 50159 Gestion de la qualit\u00e9 M\u00e9thode s\u00e9curit\u00e9 commune (MSC) Syst\u00e8me de gestion de la s\u00e9curit\u00e9<\/p>\n","protected":false},"author":1,"featured_media":0,"parent":0,"menu_order":0,"comment_status":"closed","ping_status":"closed","template":"","meta":{"ub_ctt_via":"","footnotes":""},"class_list":["post-961","page","type-page","status-publish","hentry"],"featured_image_src":null,"_links":{"self":[{"href":"https:\/\/railexpertconsult.com\/index.php?rest_route=\/wp\/v2\/pages\/961","targetHints":{"allow":["GET"]}}],"collection":[{"href":"https:\/\/railexpertconsult.com\/index.php?rest_route=\/wp\/v2\/pages"}],"about":[{"href":"https:\/\/railexpertconsult.com\/index.php?rest_route=\/wp\/v2\/types\/page"}],"author":[{"embeddable":true,"href":"https:\/\/railexpertconsult.com\/index.php?rest_route=\/wp\/v2\/users\/1"}],"replies":[{"embeddable":true,"href":"https:\/\/railexpertconsult.com\/index.php?rest_route=%2Fwp%2Fv2%2Fcomments&post=961"}],"version-history":[{"count":0,"href":"https:\/\/railexpertconsult.com\/index.php?rest_route=\/wp\/v2\/pages\/961\/revisions"}],"wp:attachment":[{"href":"https:\/\/railexpertconsult.com\/index.php?rest_route=%2Fwp%2Fv2%2Fmedia&parent=961"}],"curies":[{"name":"wp","href":"https:\/\/api.w.org\/{rel}","templated":true}]}}