{"id":966,"date":"2017-11-27T14:52:31","date_gmt":"2017-11-27T13:52:31","guid":{"rendered":"http:\/\/www.railexpertconsult.com\/?page_id=966"},"modified":"2017-11-27T14:52:31","modified_gmt":"2017-11-27T13:52:31","slug":"composants-electriques-et-mecaniques","status":"publish","type":"page","link":"https:\/\/railexpertconsult.com\/?page_id=966&lang=fr","title":{"rendered":"Composants \u00e9lectriques et m\u00e9caniques"},"content":{"rendered":"<p style=\"padding-left: 18px;\"><strong>Composants \u00e9lectriques et m\u00e9caniques<\/strong><\/p>\n<ul>\n<li>Conception de syst\u00e8mes et r\u00e9seaux d\u2019alimentations \u00e9lectriques<\/li>\n<li>Ing\u00e9nierie civile ferroviaire<\/li>\n<li>Conception d\u2019infrastructures diverses<\/li>\n<li>Concepts de mise \u00e0 la terre<\/li>\n<\/ul>\n<p><img loading=\"lazy\" decoding=\"async\" class=\"alignnone wp-image-623 size-full\" src=\"https:\/\/railexpertconsult.com\/wp-content\/uploads\/2015\/10\/comp_shutterstock_tracks_142347367_strip_300p.jpg\" alt=\"Komponenten Rail Expert Consult GmbH\" width=\"1100\" height=\"300\" \/><\/p>\n","protected":false},"excerpt":{"rendered":"<p>Composants \u00e9lectriques et m\u00e9caniques Conception de syst\u00e8mes et r\u00e9seaux d\u2019alimentations \u00e9lectriques Ing\u00e9nierie civile ferroviaire Conception d\u2019infrastructures diverses Concepts de mise \u00e0 la terre<\/p>\n","protected":false},"author":1,"featured_media":0,"parent":0,"menu_order":0,"comment_status":"closed","ping_status":"closed","template":"","meta":{"ub_ctt_via":"","footnotes":""},"class_list":["post-966","page","type-page","status-publish","hentry"],"featured_image_src":null,"_links":{"self":[{"href":"https:\/\/railexpertconsult.com\/index.php?rest_route=\/wp\/v2\/pages\/966","targetHints":{"allow":["GET"]}}],"collection":[{"href":"https:\/\/railexpertconsult.com\/index.php?rest_route=\/wp\/v2\/pages"}],"about":[{"href":"https:\/\/railexpertconsult.com\/index.php?rest_route=\/wp\/v2\/types\/page"}],"author":[{"embeddable":true,"href":"https:\/\/railexpertconsult.com\/index.php?rest_route=\/wp\/v2\/users\/1"}],"replies":[{"embeddable":true,"href":"https:\/\/railexpertconsult.com\/index.php?rest_route=%2Fwp%2Fv2%2Fcomments&post=966"}],"version-history":[{"count":0,"href":"https:\/\/railexpertconsult.com\/index.php?rest_route=\/wp\/v2\/pages\/966\/revisions"}],"wp:attachment":[{"href":"https:\/\/railexpertconsult.com\/index.php?rest_route=%2Fwp%2Fv2%2Fmedia&parent=966"}],"curies":[{"name":"wp","href":"https:\/\/api.w.org\/{rel}","templated":true}]}}